{"id":4805,"date":"2025-08-06T17:00:19","date_gmt":"2025-08-06T15:00:19","guid":{"rendered":"https:\/\/equidash.eu\/?post_type=product&#038;p=4805"},"modified":"2025-12-18T17:30:03","modified_gmt":"2025-12-18T15:30:03","slug":"lami-cell-saddle-pad-ap-charming-2","status":"publish","type":"product","link":"https:\/\/equidash.eu\/et\/shop\/horse\/lami-cell-saddle-pad-ap-charming-2\/","title":{"rendered":"Lami-Cell h\u00fcppevaltrap AP Charming"},"content":{"rendered":"<p data-start=\"236\" data-end=\"326\"><strong data-start=\"239\" data-end=\"326\">Lami-Cell valtrap AP Charming \u2013 elegantne h\u00fcppevaltrap, mis loodud keskkonnas\u00f5braliku tehnoloogiaga<\/strong><\/p>\n<p data-start=\"328\" data-end=\"592\">Lami-Cell valtrap AP Charming \u00fchendab endas elegantsi, mugavuse ja j\u00e4tkusuutlikkuse \u2013 spetsiaalselt loodud <strong data-start=\"441\" data-end=\"452\">h\u00fcppesadulale<\/strong> treeninguks ja -v\u00f5istlusteks. Sile satiinkangas ja <strong data-start=\"509\" data-end=\"527\">s\u00e4delev kristallpael<\/strong>lisavad su varustusele luksusliku v\u00e4limuse.<\/p>\n<p data-start=\"594\" data-end=\"856\">See on loodud j\u00e4tkusuutlikkust silmas pidades ning kasutab LAMI-CELLi EnviroGreen\u00ae bambuss\u00f6e tehnoloogiat, mis on valmistatud taaskasutatud l\u00f5ngast ja naturaalsest bambuss\u00f6est. Iga valtrapi abil saab taaskasutada umbes 5 plastpudelit, mist\u00f5ttu on see nutikas valik keskkonnateadlikule s\u00f5itjale.<\/p>\n<p data-start=\"858\" data-end=\"1057\">Sisu koosneb 5 mm k\u00f5rge tihedusega vahust ja 240 g Synthermax kiudt\u00e4idisest, mis tagavad suurep\u00e4rase l\u00f6\u00f6gisummutuse, surve leevenduse ja p\u00fcsiva pehmuse ka p\u00e4rast korduvat pesu.<\/p>\n<p data-start=\"1059\" data-end=\"1220\">T\u00e4iusliku komplekti loomiseks sobita valtrap <a href=\"https:\/\/equidash.eu\/et\/shop\/hobune\/lami-cell-halter-charming\/\"><strong data-start=\"1110\" data-end=\"1129\">Charming p\u00e4itsete<\/strong><\/a> ja <a href=\"https:\/\/equidash.eu\/et\/shop\/hobune\/lami-cell-lead-rope-matte\/\"><strong data-start=\"1139\" data-end=\"1161\">Charming jalutusn\u00f6\u00f6riga<\/strong><\/a> \u2013 ideaalne neile, kes hindavad kvaliteeti ja stiili.<\/p>\n<p data-start=\"1227\" data-end=\"1250\"><strong data-start=\"1233\" data-end=\"1249\">Peamised omadused:<\/strong>:<\/p>\n<ul>\n<li data-start=\"1227\" data-end=\"1250\">Spetsiaalselt loodud h\u00fcppamiseks ja aktiivseks treeninguks<\/li>\n<li data-start=\"1227\" data-end=\"1250\">Luksuslik satiinviimistlus elegantsete kristalldetailidega<\/li>\n<li data-start=\"1227\" data-end=\"1250\">Keskkonnas\u00f5bralik: valmistatud bambuss\u00f6e tehnoloogiaga<\/li>\n<li data-start=\"1227\" data-end=\"1250\">5 mm k\u00f5rge tihedusega vaht + 240 g Synthermax kiudt\u00e4idis<\/li>\n<li data-start=\"1227\" data-end=\"1250\">Hingav, vastupidav ja s\u00e4ilitab pehmuse ka p\u00e4rast pesu<\/li>\n<\/ul>\n<p>Hooldus: masinpesu 30\u00b0C juures. Trummelkuivatus keelatud.<\/p>\n<figure id=\"attachment_2473\" aria-describedby=\"caption-attachment-2473\" style=\"width: 300px\" class=\"wp-caption alignnone\"><img loading=\"lazy\" decoding=\"async\" class=\"size-medium wp-image-2473\" src=\"https:\/\/equidash.eu\/wp-content\/uploads\/2025\/01\/Lami-Cell_Saddle-pad_AP_Galaxy-Velvet_Size-300x300.png\" alt=\"LAMI-CELL - H\u00dcPPEVALTRAPI M\u00d5\u00d5DUD\" width=\"300\" height=\"300\" srcset=\"https:\/\/equidash.eu\/wp-content\/uploads\/2025\/01\/Lami-Cell_Saddle-pad_AP_Galaxy-Velvet_Size-300x300.png 300w, https:\/\/equidash.eu\/wp-content\/uploads\/2025\/01\/Lami-Cell_Saddle-pad_AP_Galaxy-Velvet_Size-1024x1024.png 1024w, https:\/\/equidash.eu\/wp-content\/uploads\/2025\/01\/Lami-Cell_Saddle-pad_AP_Galaxy-Velvet_Size-150x150.png 150w, https:\/\/equidash.eu\/wp-content\/uploads\/2025\/01\/Lami-Cell_Saddle-pad_AP_Galaxy-Velvet_Size-768x768.png 768w, https:\/\/equidash.eu\/wp-content\/uploads\/2025\/01\/Lami-Cell_Saddle-pad_AP_Galaxy-Velvet_Size-12x12.png 12w, https:\/\/equidash.eu\/wp-content\/uploads\/2025\/01\/Lami-Cell_Saddle-pad_AP_Galaxy-Velvet_Size-510x510.png 510w, https:\/\/equidash.eu\/wp-content\/uploads\/2025\/01\/Lami-Cell_Saddle-pad_AP_Galaxy-Velvet_Size-100x100.png 100w, https:\/\/equidash.eu\/wp-content\/uploads\/2025\/01\/Lami-Cell_Saddle-pad_AP_Galaxy-Velvet_Size.png 1080w\" sizes=\"auto, (max-width: 300px) 100vw, 300px\" \/><figcaption id=\"caption-attachment-2473\" class=\"wp-caption-text\">LAMI-CELL - H\u00dcPPEVALTRAPI M\u00d5\u00d5DUD<\/figcaption><\/figure>","protected":false},"excerpt":{"rendered":"<p>Lami-Cell Saddle Pad AP Charming \u2013 Elegant Jumping Pad with Eco-Friendly Technology The Lami-Cell Saddle Pad AP Charming combines elegance, comfort, and sustainability \u2013 specially designed for jumping disciplines. With its smooth satin fabric and sparkling crystal roping, this saddle pad adds a luxurious touch to your tack collection. Crafted with sustainability in mind, it [&#8230;]\n","protected":false},"featured_media":4815,"template":"","meta":{"_acf_changed":false,"_joinchat":[]},"product_brand":[512],"product_cat":[27,187,186],"product_tag":[276,30,273,720],"class_list":{"0":"post-4805","1":"product","2":"type-product","3":"status-publish","4":"has-post-thumbnail","6":"product_brand-lami-cell","7":"product_cat-horse","8":"product_cat-jumping-saddle-pads-horse","9":"product_cat-saddle-pads-horse","10":"product_tag-bamboo","11":"product_tag-jumping","12":"product_tag-lami-cell","13":"product_tag-satin","14":"pa_colors-black","15":"pa_colors-blue","16":"pa_colors-green","17":"pa_colors-navy","18":"pa_colors-pink","19":"pa_colors-white","20":"pa_size-full","22":"first","23":"instock","24":"sale","25":"taxable","26":"shipping-taxable","27":"purchasable","28":"product-type-variable","29":"has-default-attributes"},"acf":[],"yoast_head":"<!-- This site is optimized with the Yoast SEO Premium plugin v26.2 (Yoast SEO v27.2) - https:\/\/yoast.com\/product\/yoast-seo-premium-wordpress\/ -->\n<title>Lami-Cell Saddle pad AP Charming | Parima hinnaga ratsavarustuse e-pood<\/title>\n<meta name=\"description\" content=\"Lami-Cell Saddle Pad AP Charming\" \/>\n<meta name=\"robots\" content=\"index, follow, max-snippet:-1, max-image-preview:large, max-video-preview:-1\" \/>\n<link rel=\"canonical\" href=\"https:\/\/equidash.eu\/et\/shop\/hobune\/lami-cell-saddle-pad-ap-charming-2\/\" \/>\n<meta property=\"og:locale\" content=\"et_EE\" \/>\n<meta property=\"og:type\" content=\"article\" \/>\n<meta property=\"og:title\" content=\"Lami-Cell Saddle pad AP Charming\" \/>\n<meta property=\"og:description\" content=\"Lami-Cell Saddle Pad AP Charming\" \/>\n<meta property=\"og:url\" content=\"https:\/\/equidash.eu\/et\/shop\/hobune\/lami-cell-saddle-pad-ap-charming-2\/\" \/>\n<meta property=\"og:site_name\" content=\"Parima hinnaga ratsavarustuse e-pood\" \/>\n<meta property=\"article:publisher\" content=\"https:\/\/www.facebook.com\/people\/EquiDash\/61560864479586\/\" \/>\n<meta property=\"article:modified_time\" content=\"2025-12-18T15:30:03+00:00\" \/>\n<meta property=\"og:image\" content=\"https:\/\/equidash.eu\/wp-content\/uploads\/2025\/08\/Lami-Cell_Saddle-pad_jumping_AP-Charming_Pink_0.png\" \/>\n\t<meta property=\"og:image:width\" content=\"1080\" \/>\n\t<meta property=\"og:image:height\" content=\"1080\" \/>\n\t<meta property=\"og:image:type\" content=\"image\/png\" \/>\n<meta name=\"twitter:card\" content=\"summary_large_image\" \/>\n<meta name=\"twitter:label1\" content=\"Availability\" \/>\n\t<meta name=\"twitter:data1\" content=\"In stock\" \/>\n<script type=\"application\/ld+json\" class=\"yoast-schema-graph\">{\"@context\":\"https:\/\/schema.org\",\"@graph\":[{\"@type\":\"WebPage\",\"@id\":\"https:\/\/equidash.eu\/shop\/horse\/lami-cell-saddle-pad-ap-charming-2\/\",\"url\":\"https:\/\/equidash.eu\/shop\/horse\/lami-cell-saddle-pad-ap-charming-2\/\",\"name\":\"Lami-Cell Saddle pad AP Charming | Parima hinnaga ratsavarustuse e-pood\",\"isPartOf\":{\"@id\":\"https:\/\/equidash.eu\/#website\"},\"primaryImageOfPage\":{\"@id\":\"https:\/\/equidash.eu\/shop\/horse\/lami-cell-saddle-pad-ap-charming-2\/#primaryimage\"},\"image\":{\"@id\":\"https:\/\/equidash.eu\/shop\/horse\/lami-cell-saddle-pad-ap-charming-2\/#primaryimage\"},\"thumbnailUrl\":\"https:\/\/equidash.eu\/wp-content\/uploads\/2025\/08\/Lami-Cell_Saddle-pad_jumping_AP-Charming_Pink_0.png\",\"datePublished\":\"2025-08-06T15:00:19+00:00\",\"dateModified\":\"2025-12-18T15:30:03+00:00\",\"description\":\"Lami-Cell Saddle Pad AP Charming\",\"breadcrumb\":{\"@id\":\"https:\/\/equidash.eu\/shop\/horse\/lami-cell-saddle-pad-ap-charming-2\/#breadcrumb\"},\"inLanguage\":\"et\",\"potentialAction\":[{\"@type\":\"ReadAction\",\"target\":[\"https:\/\/equidash.eu\/shop\/horse\/lami-cell-saddle-pad-ap-charming-2\/\"]}]},{\"@type\":\"ImageObject\",\"inLanguage\":\"et\",\"@id\":\"https:\/\/equidash.eu\/shop\/horse\/lami-cell-saddle-pad-ap-charming-2\/#primaryimage\",\"url\":\"https:\/\/equidash.eu\/wp-content\/uploads\/2025\/08\/Lami-Cell_Saddle-pad_jumping_AP-Charming_Pink_0.png\",\"contentUrl\":\"https:\/\/equidash.eu\/wp-content\/uploads\/2025\/08\/Lami-Cell_Saddle-pad_jumping_AP-Charming_Pink_0.png\",\"width\":1080,\"height\":1080},{\"@type\":\"BreadcrumbList\",\"@id\":\"https:\/\/equidash.eu\/shop\/horse\/lami-cell-saddle-pad-ap-charming-2\/#breadcrumb\",\"itemListElement\":[{\"@type\":\"ListItem\",\"position\":1,\"name\":\"Home\",\"item\":\"https:\/\/equidash.eu\/\"},{\"@type\":\"ListItem\",\"position\":2,\"name\":\"Shop\",\"item\":\"https:\/\/equidash.eu\/shop\/\"},{\"@type\":\"ListItem\",\"position\":3,\"name\":\"Lami-Cell Saddle pad AP Charming\"}]},{\"@type\":\"WebSite\",\"@id\":\"https:\/\/equidash.eu\/#website\",\"url\":\"https:\/\/equidash.eu\/\",\"name\":\"EquiDash\",\"description\":\"Horse Riding Equipment and Accessories\",\"publisher\":{\"@id\":\"https:\/\/equidash.eu\/#organization\"},\"alternateName\":\"EquiDash\",\"potentialAction\":[{\"@type\":\"SearchAction\",\"target\":{\"@type\":\"EntryPoint\",\"urlTemplate\":\"https:\/\/equidash.eu\/?s={search_term_string}\"},\"query-input\":{\"@type\":\"PropertyValueSpecification\",\"valueRequired\":true,\"valueName\":\"search_term_string\"}}],\"inLanguage\":\"et\"},{\"@type\":\"Organization\",\"@id\":\"https:\/\/equidash.eu\/#organization\",\"name\":\"EquiDash\",\"alternateName\":\"EquiDash\",\"url\":\"https:\/\/equidash.eu\/\",\"logo\":{\"@type\":\"ImageObject\",\"inLanguage\":\"et\",\"@id\":\"https:\/\/equidash.eu\/#\/schema\/logo\/image\/\",\"url\":\"https:\/\/equidash.eu\/wp-content\/uploads\/2024\/09\/EQUIDASH_Logo_Raud-1.png\",\"contentUrl\":\"https:\/\/equidash.eu\/wp-content\/uploads\/2024\/09\/EQUIDASH_Logo_Raud-1.png\",\"width\":393,\"height\":422,\"caption\":\"EquiDash\"},\"image\":{\"@id\":\"https:\/\/equidash.eu\/#\/schema\/logo\/image\/\"},\"sameAs\":[\"https:\/\/www.facebook.com\/people\/EquiDash\/61560864479586\/\",\"https:\/\/www.instagram.com\/equidash.eshop\/\"],\"email\":\"info@equidash.eu\",\"telephone\":\"+372 59007334\",\"legalName\":\"Takian Corporation O\u00dc\",\"foundingDate\":\"2020-10-21\",\"vatID\":\"EE102301283\",\"numberOfEmployees\":{\"@type\":\"QuantitativeValue\",\"minValue\":\"1\",\"maxValue\":\"10\"},\"hasMerchantReturnPolicy\":{\"@type\":\"MerchantReturnPolicy\",\"merchantReturnLink\":\"https:\/\/equidash.eu\/et\/return-privacy\/\"}}]}<\/script>\n<meta property=\"product:brand\" content=\"Lami-Cell\" \/>\n<meta property=\"og:availability\" content=\"instock\" \/>\n<meta property=\"product:availability\" content=\"instock\" \/>\n<meta property=\"product:retailer_item_id\" content=\"301520\" \/>\n<meta property=\"product:condition\" content=\"new\" \/>\n<!-- \/ Yoast SEO Premium plugin. -->","yoast_head_json":{"title":"Lami-Cell Saddle pad AP Charming | Parima hinnaga ratsavarustuse e-pood","description":"Lami-Cell Saddle Pad AP Charming","robots":{"index":"index","follow":"follow","max-snippet":"max-snippet:-1","max-image-preview":"max-image-preview:large","max-video-preview":"max-video-preview:-1"},"canonical":"https:\/\/equidash.eu\/et\/shop\/hobune\/lami-cell-saddle-pad-ap-charming-2\/","og_locale":"et_EE","og_type":"article","og_title":"Lami-Cell Saddle pad AP Charming","og_description":"Lami-Cell Saddle Pad AP Charming","og_url":"https:\/\/equidash.eu\/et\/shop\/hobune\/lami-cell-saddle-pad-ap-charming-2\/","og_site_name":"Parima hinnaga ratsavarustuse e-pood","article_publisher":"https:\/\/www.facebook.com\/people\/EquiDash\/61560864479586\/","article_modified_time":"2025-12-18T15:30:03+00:00","og_image":[{"width":1080,"height":1080,"url":"https:\/\/equidash.eu\/wp-content\/uploads\/2025\/08\/Lami-Cell_Saddle-pad_jumping_AP-Charming_Pink_0.png","type":"image\/png"}],"twitter_card":"summary_large_image","twitter_misc":{"Availability":"In stock"},"schema":{"@context":"https:\/\/schema.org","@graph":[{"@type":"WebPage","@id":"https:\/\/equidash.eu\/shop\/horse\/lami-cell-saddle-pad-ap-charming-2\/","url":"https:\/\/equidash.eu\/shop\/horse\/lami-cell-saddle-pad-ap-charming-2\/","name":"Lami-Cell Saddle pad AP Charming | Parima hinnaga ratsavarustuse e-pood","isPartOf":{"@id":"https:\/\/equidash.eu\/#website"},"primaryImageOfPage":{"@id":"https:\/\/equidash.eu\/shop\/horse\/lami-cell-saddle-pad-ap-charming-2\/#primaryimage"},"image":{"@id":"https:\/\/equidash.eu\/shop\/horse\/lami-cell-saddle-pad-ap-charming-2\/#primaryimage"},"thumbnailUrl":"https:\/\/equidash.eu\/wp-content\/uploads\/2025\/08\/Lami-Cell_Saddle-pad_jumping_AP-Charming_Pink_0.png","datePublished":"2025-08-06T15:00:19+00:00","dateModified":"2025-12-18T15:30:03+00:00","description":"Lami-Cell Saddle Pad AP Charming","breadcrumb":{"@id":"https:\/\/equidash.eu\/shop\/horse\/lami-cell-saddle-pad-ap-charming-2\/#breadcrumb"},"inLanguage":"et","potentialAction":[{"@type":"ReadAction","target":["https:\/\/equidash.eu\/shop\/horse\/lami-cell-saddle-pad-ap-charming-2\/"]}]},{"@type":"ImageObject","inLanguage":"et","@id":"https:\/\/equidash.eu\/shop\/horse\/lami-cell-saddle-pad-ap-charming-2\/#primaryimage","url":"https:\/\/equidash.eu\/wp-content\/uploads\/2025\/08\/Lami-Cell_Saddle-pad_jumping_AP-Charming_Pink_0.png","contentUrl":"https:\/\/equidash.eu\/wp-content\/uploads\/2025\/08\/Lami-Cell_Saddle-pad_jumping_AP-Charming_Pink_0.png","width":1080,"height":1080},{"@type":"BreadcrumbList","@id":"https:\/\/equidash.eu\/shop\/horse\/lami-cell-saddle-pad-ap-charming-2\/#breadcrumb","itemListElement":[{"@type":"ListItem","position":1,"name":"Home","item":"https:\/\/equidash.eu\/"},{"@type":"ListItem","position":2,"name":"Shop","item":"https:\/\/equidash.eu\/shop\/"},{"@type":"ListItem","position":3,"name":"Lami-Cell Saddle pad AP Charming"}]},{"@type":"WebSite","@id":"https:\/\/equidash.eu\/#website","url":"https:\/\/equidash.eu\/","name":"EquiDash","description":"Horse Riding Equipment and Accessories","publisher":{"@id":"https:\/\/equidash.eu\/#organization"},"alternateName":"EquiDash","potentialAction":[{"@type":"SearchAction","target":{"@type":"EntryPoint","urlTemplate":"https:\/\/equidash.eu\/?s={search_term_string}"},"query-input":{"@type":"PropertyValueSpecification","valueRequired":true,"valueName":"search_term_string"}}],"inLanguage":"et"},{"@type":"Organization","@id":"https:\/\/equidash.eu\/#organization","name":"EquiDash","alternateName":"EquiDash","url":"https:\/\/equidash.eu\/","logo":{"@type":"ImageObject","inLanguage":"et","@id":"https:\/\/equidash.eu\/#\/schema\/logo\/image\/","url":"https:\/\/equidash.eu\/wp-content\/uploads\/2024\/09\/EQUIDASH_Logo_Raud-1.png","contentUrl":"https:\/\/equidash.eu\/wp-content\/uploads\/2024\/09\/EQUIDASH_Logo_Raud-1.png","width":393,"height":422,"caption":"EquiDash"},"image":{"@id":"https:\/\/equidash.eu\/#\/schema\/logo\/image\/"},"sameAs":["https:\/\/www.facebook.com\/people\/EquiDash\/61560864479586\/","https:\/\/www.instagram.com\/equidash.eshop\/"],"email":"info@equidash.eu","telephone":"+372 59007334","legalName":"Takian Corporation O\u00dc","foundingDate":"2020-10-21","vatID":"EE102301283","numberOfEmployees":{"@type":"QuantitativeValue","minValue":"1","maxValue":"10"},"hasMerchantReturnPolicy":{"@type":"MerchantReturnPolicy","merchantReturnLink":"https:\/\/equidash.eu\/et\/return-privacy\/"}}]},"product_brand":"Lami-Cell","og_availability":"instock","product_availability":"instock","product_retailer_item_id":"301520","product_condition":"new"},"_links":{"self":[{"href":"https:\/\/equidash.eu\/et\/wp-json\/wp\/v2\/product\/4805","targetHints":{"allow":["GET"]}}],"collection":[{"href":"https:\/\/equidash.eu\/et\/wp-json\/wp\/v2\/product"}],"about":[{"href":"https:\/\/equidash.eu\/et\/wp-json\/wp\/v2\/types\/product"}],"wp:featuredmedia":[{"embeddable":true,"href":"https:\/\/equidash.eu\/et\/wp-json\/wp\/v2\/media\/4815"}],"wp:attachment":[{"href":"https:\/\/equidash.eu\/et\/wp-json\/wp\/v2\/media?parent=4805"}],"wp:term":[{"taxonomy":"product_brand","embeddable":true,"href":"https:\/\/equidash.eu\/et\/wp-json\/wp\/v2\/product_brand?post=4805"},{"taxonomy":"product_cat","embeddable":true,"href":"https:\/\/equidash.eu\/et\/wp-json\/wp\/v2\/product_cat?post=4805"},{"taxonomy":"product_tag","embeddable":true,"href":"https:\/\/equidash.eu\/et\/wp-json\/wp\/v2\/product_tag?post=4805"}],"curies":[{"name":"wp","href":"https:\/\/api.w.org\/{rel}","templated":true}]}}