{"id":4932,"date":"2025-09-01T20:52:16","date_gmt":"2025-09-01T18:52:16","guid":{"rendered":"https:\/\/equidash.eu\/?post_type=product&#038;p=4932"},"modified":"2025-09-01T20:58:51","modified_gmt":"2025-09-01T18:58:51","slug":"mountain-horse-hat-lind-beanie","status":"publish","type":"product","link":"https:\/\/equidash.eu\/et\/shop\/rider\/mountain-horse-hat-lind-beanie\/","title":{"rendered":"Mountain Horse hat Lind Beanie"},"content":{"rendered":"<p data-start=\"834\" data-end=\"892\"><strong data-start=\"834\" data-end=\"890\">Mountain Horse Lind Beanie \u2013 Warmth, Comfort &amp; Style<\/strong><\/p>\n<p data-start=\"894\" data-end=\"1325\">The Mountain Horse hat Lind Beanie is a cozy and stylish winter essential crafted from soft yarn for warmth and comfort. Featuring a fold-up section for a perfect fit, a shiny silver MH badge for elegance, and available in multiple colours, this beanie is practical, easy to care for, and designed for everyday wear. Perfect for riders and outdoor enthusiasts, the Mountain Horse Lind Beanie combines function and timeless style.<\/p>\n<p data-start=\"1327\" data-end=\"1346\"><strong data-start=\"1327\" data-end=\"1344\">Peamised omadused:<\/strong><\/p>\n<ul>\n<li data-start=\"1349\" data-end=\"1383\">Soft yarn for warmth and comfort<\/li>\n<li data-start=\"1349\" data-end=\"1383\">Fold-up section for extra protection<\/li>\n<li data-start=\"1349\" data-end=\"1383\">Shiny silver MH badge for a stylish detail<\/li>\n<li data-start=\"1349\" data-end=\"1383\">Easy-care material<\/li>\n<li data-start=\"1349\" data-end=\"1383\">One size fits all<\/li>\n<\/ul>","protected":false},"excerpt":{"rendered":"<p><a href=\"https:\/\/equidash.eu\/et\/tootesilt\/mountain-horse\/\"><img decoding=\"async\" style=\"height: 60px; margin-top: 20px;\" src=\"https:\/\/equidash.eu\/wp-content\/uploads\/2024\/10\/Mountain-Horse-1.png\" alt=\"\" \/><\/a><\/p>","protected":false},"featured_media":4942,"template":"","meta":{"_acf_changed":false,"_joinchat":[]},"product_brand":[505],"product_cat":[185,202,22],"product_tag":[726,18,297],"class_list":{"0":"post-4932","1":"product","2":"type-product","3":"status-publish","4":"has-post-thumbnail","6":"product_brand-mountain-horse","7":"product_cat-accessories-rider","8":"product_cat-hats-accessories-rider","9":"product_cat-rider","10":"product_tag-hat","11":"product_tag-mountain-horse","12":"product_tag-winter","13":"pa_colors-black","14":"pa_colors-blue","15":"pa_colors-gray","16":"pa_colors-navy","17":"pa_colors-purple","18":"pa_size-one-size","20":"first","21":"onbackorder","22":"taxable","23":"shipping-taxable","24":"purchasable","25":"product-type-variable","26":"has-default-attributes"},"acf":[],"yoast_head":"<!-- This site is optimized with the Yoast SEO Premium plugin v26.2 (Yoast SEO v27.2) - https:\/\/yoast.com\/product\/yoast-seo-premium-wordpress\/ -->\n<title>Mountain Horse hat Lind Beanie | Parima hinnaga ratsavarustuse e-pood<\/title>\n<meta name=\"description\" content=\"Mountain Horse hat Lind Beanie | Stiilne ja soe m\u00fcts pehmest l\u00f5ngast. Volditav serv, h\u00f5bedane MH embleem ja universaalne suurus igap\u00e4evaseks kandmiseks.\" \/>\n<meta name=\"robots\" content=\"index, follow, max-snippet:-1, max-image-preview:large, max-video-preview:-1\" \/>\n<link rel=\"canonical\" href=\"https:\/\/equidash.eu\/et\/shop\/ratsanik\/mountain-horse-hat-lind-beanie\/\" \/>\n<meta property=\"og:locale\" content=\"et_EE\" \/>\n<meta property=\"og:type\" content=\"article\" \/>\n<meta property=\"og:title\" content=\"Mountain Horse hat Lind Beanie\" \/>\n<meta property=\"og:description\" content=\"Mountain Horse hat Lind Beanie | Stiilne ja soe m\u00fcts pehmest l\u00f5ngast. Volditav serv, h\u00f5bedane MH embleem ja universaalne suurus igap\u00e4evaseks kandmiseks.\" \/>\n<meta property=\"og:url\" content=\"https:\/\/equidash.eu\/et\/shop\/ratsanik\/mountain-horse-hat-lind-beanie\/\" \/>\n<meta property=\"og:site_name\" content=\"Parima hinnaga ratsavarustuse e-pood\" \/>\n<meta property=\"article:publisher\" content=\"https:\/\/www.facebook.com\/people\/EquiDash\/61560864479586\/\" \/>\n<meta property=\"article:modified_time\" content=\"2025-09-01T18:58:51+00:00\" \/>\n<meta property=\"og:image\" content=\"https:\/\/equidash.eu\/wp-content\/uploads\/2025\/09\/Mountain-Horse_hat_Lind-Beanie_Blue_0.png\" \/>\n\t<meta property=\"og:image:width\" content=\"1080\" \/>\n\t<meta property=\"og:image:height\" content=\"1080\" \/>\n\t<meta property=\"og:image:type\" content=\"image\/png\" \/>\n<meta name=\"twitter:card\" content=\"summary_large_image\" \/>\n<meta name=\"twitter:label1\" content=\"Availability\" \/>\n\t<meta name=\"twitter:data1\" content=\"On backorder\" \/>\n<script type=\"application\/ld+json\" class=\"yoast-schema-graph\">{\"@context\":\"https:\/\/schema.org\",\"@graph\":[{\"@type\":\"WebPage\",\"@id\":\"https:\/\/equidash.eu\/shop\/rider\/mountain-horse-hat-lind-beanie\/\",\"url\":\"https:\/\/equidash.eu\/shop\/rider\/mountain-horse-hat-lind-beanie\/\",\"name\":\"Mountain Horse hat Lind Beanie | Parima hinnaga ratsavarustuse e-pood\",\"isPartOf\":{\"@id\":\"https:\/\/equidash.eu\/#website\"},\"primaryImageOfPage\":{\"@id\":\"https:\/\/equidash.eu\/shop\/rider\/mountain-horse-hat-lind-beanie\/#primaryimage\"},\"image\":{\"@id\":\"https:\/\/equidash.eu\/shop\/rider\/mountain-horse-hat-lind-beanie\/#primaryimage\"},\"thumbnailUrl\":\"https:\/\/equidash.eu\/wp-content\/uploads\/2025\/09\/Mountain-Horse_hat_Lind-Beanie_Blue_0.png\",\"datePublished\":\"2025-09-01T18:52:16+00:00\",\"dateModified\":\"2025-09-01T18:58:51+00:00\",\"description\":\"Mountain Horse hat Lind Beanie | Stiilne ja soe m\u00fcts pehmest l\u00f5ngast. Volditav serv, h\u00f5bedane MH embleem ja universaalne suurus igap\u00e4evaseks kandmiseks.\",\"breadcrumb\":{\"@id\":\"https:\/\/equidash.eu\/shop\/rider\/mountain-horse-hat-lind-beanie\/#breadcrumb\"},\"inLanguage\":\"et\",\"potentialAction\":[{\"@type\":\"ReadAction\",\"target\":[\"https:\/\/equidash.eu\/shop\/rider\/mountain-horse-hat-lind-beanie\/\"]}]},{\"@type\":\"ImageObject\",\"inLanguage\":\"et\",\"@id\":\"https:\/\/equidash.eu\/shop\/rider\/mountain-horse-hat-lind-beanie\/#primaryimage\",\"url\":\"https:\/\/equidash.eu\/wp-content\/uploads\/2025\/09\/Mountain-Horse_hat_Lind-Beanie_Blue_0.png\",\"contentUrl\":\"https:\/\/equidash.eu\/wp-content\/uploads\/2025\/09\/Mountain-Horse_hat_Lind-Beanie_Blue_0.png\",\"width\":1080,\"height\":1080,\"caption\":\"Mountain Horse Lind Beanie \u2013 soe, mugav ja stiilne m\u00fcts halli, musta, sinise, tumesinise ja lilla v\u00e4rvitoonis.\"},{\"@type\":\"BreadcrumbList\",\"@id\":\"https:\/\/equidash.eu\/shop\/rider\/mountain-horse-hat-lind-beanie\/#breadcrumb\",\"itemListElement\":[{\"@type\":\"ListItem\",\"position\":1,\"name\":\"Home\",\"item\":\"https:\/\/equidash.eu\/\"},{\"@type\":\"ListItem\",\"position\":2,\"name\":\"Shop\",\"item\":\"https:\/\/equidash.eu\/shop\/\"},{\"@type\":\"ListItem\",\"position\":3,\"name\":\"Mountain Horse hat Lind Beanie\"}]},{\"@type\":\"WebSite\",\"@id\":\"https:\/\/equidash.eu\/#website\",\"url\":\"https:\/\/equidash.eu\/\",\"name\":\"EquiDash\",\"description\":\"Horse Riding Equipment and Accessories\",\"publisher\":{\"@id\":\"https:\/\/equidash.eu\/#organization\"},\"alternateName\":\"EquiDash\",\"potentialAction\":[{\"@type\":\"SearchAction\",\"target\":{\"@type\":\"EntryPoint\",\"urlTemplate\":\"https:\/\/equidash.eu\/?s={search_term_string}\"},\"query-input\":{\"@type\":\"PropertyValueSpecification\",\"valueRequired\":true,\"valueName\":\"search_term_string\"}}],\"inLanguage\":\"et\"},{\"@type\":\"Organization\",\"@id\":\"https:\/\/equidash.eu\/#organization\",\"name\":\"EquiDash\",\"alternateName\":\"EquiDash\",\"url\":\"https:\/\/equidash.eu\/\",\"logo\":{\"@type\":\"ImageObject\",\"inLanguage\":\"et\",\"@id\":\"https:\/\/equidash.eu\/#\/schema\/logo\/image\/\",\"url\":\"https:\/\/equidash.eu\/wp-content\/uploads\/2024\/09\/EQUIDASH_Logo_Raud-1.png\",\"contentUrl\":\"https:\/\/equidash.eu\/wp-content\/uploads\/2024\/09\/EQUIDASH_Logo_Raud-1.png\",\"width\":393,\"height\":422,\"caption\":\"EquiDash\"},\"image\":{\"@id\":\"https:\/\/equidash.eu\/#\/schema\/logo\/image\/\"},\"sameAs\":[\"https:\/\/www.facebook.com\/people\/EquiDash\/61560864479586\/\",\"https:\/\/www.instagram.com\/equidash.eshop\/\"],\"email\":\"info@equidash.eu\",\"telephone\":\"+372 59007334\",\"legalName\":\"Takian Corporation O\u00dc\",\"foundingDate\":\"2020-10-21\",\"vatID\":\"EE102301283\",\"numberOfEmployees\":{\"@type\":\"QuantitativeValue\",\"minValue\":\"1\",\"maxValue\":\"10\"},\"hasMerchantReturnPolicy\":{\"@type\":\"MerchantReturnPolicy\",\"merchantReturnLink\":\"https:\/\/equidash.eu\/et\/return-privacy\/\"}}]}<\/script>\n<meta property=\"product:brand\" content=\"Mountain Horse\" \/>\n<meta property=\"og:availability\" content=\"backorder\" \/>\n<meta property=\"product:availability\" content=\"available for order\" \/>\n<meta property=\"product:condition\" content=\"new\" \/>\n<!-- \/ Yoast SEO Premium plugin. -->","yoast_head_json":{"title":"Mountain Horse hat Lind Beanie | Parima hinnaga ratsavarustuse e-pood","description":"Mountain Horse hat Lind Beanie | Stiilne ja soe m\u00fcts pehmest l\u00f5ngast. Volditav serv, h\u00f5bedane MH embleem ja universaalne suurus igap\u00e4evaseks kandmiseks.","robots":{"index":"index","follow":"follow","max-snippet":"max-snippet:-1","max-image-preview":"max-image-preview:large","max-video-preview":"max-video-preview:-1"},"canonical":"https:\/\/equidash.eu\/et\/shop\/ratsanik\/mountain-horse-hat-lind-beanie\/","og_locale":"et_EE","og_type":"article","og_title":"Mountain Horse hat Lind Beanie","og_description":"Mountain Horse hat Lind Beanie | Stiilne ja soe m\u00fcts pehmest l\u00f5ngast. Volditav serv, h\u00f5bedane MH embleem ja universaalne suurus igap\u00e4evaseks kandmiseks.","og_url":"https:\/\/equidash.eu\/et\/shop\/ratsanik\/mountain-horse-hat-lind-beanie\/","og_site_name":"Parima hinnaga ratsavarustuse e-pood","article_publisher":"https:\/\/www.facebook.com\/people\/EquiDash\/61560864479586\/","article_modified_time":"2025-09-01T18:58:51+00:00","og_image":[{"width":1080,"height":1080,"url":"https:\/\/equidash.eu\/wp-content\/uploads\/2025\/09\/Mountain-Horse_hat_Lind-Beanie_Blue_0.png","type":"image\/png"}],"twitter_card":"summary_large_image","twitter_misc":{"Availability":"On backorder"},"schema":{"@context":"https:\/\/schema.org","@graph":[{"@type":"WebPage","@id":"https:\/\/equidash.eu\/shop\/rider\/mountain-horse-hat-lind-beanie\/","url":"https:\/\/equidash.eu\/shop\/rider\/mountain-horse-hat-lind-beanie\/","name":"Mountain Horse hat Lind Beanie | Parima hinnaga ratsavarustuse e-pood","isPartOf":{"@id":"https:\/\/equidash.eu\/#website"},"primaryImageOfPage":{"@id":"https:\/\/equidash.eu\/shop\/rider\/mountain-horse-hat-lind-beanie\/#primaryimage"},"image":{"@id":"https:\/\/equidash.eu\/shop\/rider\/mountain-horse-hat-lind-beanie\/#primaryimage"},"thumbnailUrl":"https:\/\/equidash.eu\/wp-content\/uploads\/2025\/09\/Mountain-Horse_hat_Lind-Beanie_Blue_0.png","datePublished":"2025-09-01T18:52:16+00:00","dateModified":"2025-09-01T18:58:51+00:00","description":"Mountain Horse hat Lind Beanie | Stiilne ja soe m\u00fcts pehmest l\u00f5ngast. Volditav serv, h\u00f5bedane MH embleem ja universaalne suurus igap\u00e4evaseks kandmiseks.","breadcrumb":{"@id":"https:\/\/equidash.eu\/shop\/rider\/mountain-horse-hat-lind-beanie\/#breadcrumb"},"inLanguage":"et","potentialAction":[{"@type":"ReadAction","target":["https:\/\/equidash.eu\/shop\/rider\/mountain-horse-hat-lind-beanie\/"]}]},{"@type":"ImageObject","inLanguage":"et","@id":"https:\/\/equidash.eu\/shop\/rider\/mountain-horse-hat-lind-beanie\/#primaryimage","url":"https:\/\/equidash.eu\/wp-content\/uploads\/2025\/09\/Mountain-Horse_hat_Lind-Beanie_Blue_0.png","contentUrl":"https:\/\/equidash.eu\/wp-content\/uploads\/2025\/09\/Mountain-Horse_hat_Lind-Beanie_Blue_0.png","width":1080,"height":1080,"caption":"Mountain Horse Lind Beanie \u2013 soe, mugav ja stiilne m\u00fcts halli, musta, sinise, tumesinise ja lilla v\u00e4rvitoonis."},{"@type":"BreadcrumbList","@id":"https:\/\/equidash.eu\/shop\/rider\/mountain-horse-hat-lind-beanie\/#breadcrumb","itemListElement":[{"@type":"ListItem","position":1,"name":"Home","item":"https:\/\/equidash.eu\/"},{"@type":"ListItem","position":2,"name":"Shop","item":"https:\/\/equidash.eu\/shop\/"},{"@type":"ListItem","position":3,"name":"Mountain Horse hat Lind Beanie"}]},{"@type":"WebSite","@id":"https:\/\/equidash.eu\/#website","url":"https:\/\/equidash.eu\/","name":"EquiDash","description":"Horse Riding Equipment and Accessories","publisher":{"@id":"https:\/\/equidash.eu\/#organization"},"alternateName":"EquiDash","potentialAction":[{"@type":"SearchAction","target":{"@type":"EntryPoint","urlTemplate":"https:\/\/equidash.eu\/?s={search_term_string}"},"query-input":{"@type":"PropertyValueSpecification","valueRequired":true,"valueName":"search_term_string"}}],"inLanguage":"et"},{"@type":"Organization","@id":"https:\/\/equidash.eu\/#organization","name":"EquiDash","alternateName":"EquiDash","url":"https:\/\/equidash.eu\/","logo":{"@type":"ImageObject","inLanguage":"et","@id":"https:\/\/equidash.eu\/#\/schema\/logo\/image\/","url":"https:\/\/equidash.eu\/wp-content\/uploads\/2024\/09\/EQUIDASH_Logo_Raud-1.png","contentUrl":"https:\/\/equidash.eu\/wp-content\/uploads\/2024\/09\/EQUIDASH_Logo_Raud-1.png","width":393,"height":422,"caption":"EquiDash"},"image":{"@id":"https:\/\/equidash.eu\/#\/schema\/logo\/image\/"},"sameAs":["https:\/\/www.facebook.com\/people\/EquiDash\/61560864479586\/","https:\/\/www.instagram.com\/equidash.eshop\/"],"email":"info@equidash.eu","telephone":"+372 59007334","legalName":"Takian Corporation O\u00dc","foundingDate":"2020-10-21","vatID":"EE102301283","numberOfEmployees":{"@type":"QuantitativeValue","minValue":"1","maxValue":"10"},"hasMerchantReturnPolicy":{"@type":"MerchantReturnPolicy","merchantReturnLink":"https:\/\/equidash.eu\/et\/return-privacy\/"}}]},"product_brand":"Mountain Horse","og_availability":"backorder","product_availability":"available for order","product_condition":"new"},"_links":{"self":[{"href":"https:\/\/equidash.eu\/et\/wp-json\/wp\/v2\/product\/4932","targetHints":{"allow":["GET"]}}],"collection":[{"href":"https:\/\/equidash.eu\/et\/wp-json\/wp\/v2\/product"}],"about":[{"href":"https:\/\/equidash.eu\/et\/wp-json\/wp\/v2\/types\/product"}],"wp:featuredmedia":[{"embeddable":true,"href":"https:\/\/equidash.eu\/et\/wp-json\/wp\/v2\/media\/4942"}],"wp:attachment":[{"href":"https:\/\/equidash.eu\/et\/wp-json\/wp\/v2\/media?parent=4932"}],"wp:term":[{"taxonomy":"product_brand","embeddable":true,"href":"https:\/\/equidash.eu\/et\/wp-json\/wp\/v2\/product_brand?post=4932"},{"taxonomy":"product_cat","embeddable":true,"href":"https:\/\/equidash.eu\/et\/wp-json\/wp\/v2\/product_cat?post=4932"},{"taxonomy":"product_tag","embeddable":true,"href":"https:\/\/equidash.eu\/et\/wp-json\/wp\/v2\/product_tag?post=4932"}],"curies":[{"name":"wp","href":"https:\/\/api.w.org\/{rel}","templated":true}]}}