{"id":5222,"date":"2025-12-03T13:08:35","date_gmt":"2025-12-03T11:08:35","guid":{"rendered":"https:\/\/equidash.eu\/?post_type=product&#038;p=5222"},"modified":"2025-12-03T14:12:55","modified_gmt":"2025-12-03T12:12:55","slug":"unika-leather-soap-for-horse-tack-sapone-da-cuoio","status":"publish","type":"product","link":"https:\/\/equidash.eu\/et\/shop\/horse\/unika-leather-soap-for-horse-tack-sapone-da-cuoio\/","title":{"rendered":"Unika nahapuhastusvahend Sapone da Cuoio"},"content":{"rendered":"<p data-start=\"182\" data-end=\"239\"><strong data-start=\"182\" data-end=\"237\">Unika nahapuhastusvahend varustuse hoolduseks Sapone da Cuoio<\/strong><\/p>\n<p data-start=\"241\" data-end=\"587\">Hoolitse oma hobusevarustuse eest ja hoia see pehme, puhas ja vastupidav Sapone da Cuoio abil \u2013 premium naha\u0161ampoon, mis on loodud eriti delikaatse naha jaoks. Selle \u00f5rn, kuid t\u00f5hus koostis, rikastatud k\u00f5rge gl\u00fctseriini kontsentratsiooniga, niisutab nahka, selle asemel et seda kuivatada, tagades sadulate, valjaste ja nahatoodete pehmuse ja vastupidavuse.<\/p>\n<p data-start=\"589\" data-end=\"622\"><strong data-start=\"589\" data-end=\"620\">Miks valida Linea Unika Sapone da Cuoio?<\/strong><\/p>\n<ul>\n<li data-start=\"589\" data-end=\"622\">S\u00fcgavpuhastus: Eemaldab mustuse ja tolmu ka raskesti ligip\u00e4\u00e4setavatest \u00f5mblustest.<\/li>\n<li data-start=\"589\" data-end=\"622\">\u00d5rn nahale: Ei sisalda ammooniumsoolasid, v\u00e4ltides pikaajalist kahjustust.<\/li>\n<li data-start=\"589\" data-end=\"622\">Niisutav koostis: Hoiab naha pehme ja elastse.<\/li>\n<li data-start=\"589\" data-end=\"622\">Ohutu ja lihtne: Ainult v\u00e4lispidiseks kasutamiseks, sobib k\u00f5ikidele hobusevarustuse nahktoodetele.<\/li>\n<\/ul>\n<p data-start=\"947\" data-end=\"964\"><strong>Kasutamine:<\/strong><\/p>\n<ol>\n<li data-start=\"968\" data-end=\"1036\">Pihusta v\u00e4ike kogus Sapone da Cuoio otse nahale.<\/li>\n<li data-start=\"968\" data-end=\"1036\">H\u00f5\u00f5ru \u00fchtlaselt laiali \u0161vammi v\u00f5i pehme lapiga.<\/li>\n<li data-start=\"968\" data-end=\"1036\">Naudi puhast ja niisutatud nahka<\/li>\n<\/ol>\n<p data-start=\"1156\" data-end=\"1361\">T\u00e4iuslik valik k\u00f5igile ratsanikele ja hobuseomanikele \u2013 Sapone da Cuoio hoiab sinu varustuse parimas korras ja teeb puhastamise lihtsaks.<\/p>","protected":false},"excerpt":{"rendered":"<p><a href=\"https:\/\/equidash.eu\/et\/tootesilt\/unika\/\"><img decoding=\"async\" style=\"height: 60px; margin-top: 20px;\" src=\"https:\/\/equidash.eu\/wp-content\/uploads\/2025\/07\/Unika.png\" alt=\"\" \/><\/a><\/p>","protected":false},"featured_media":5225,"template":"","meta":{"_acf_changed":false,"_joinchat":[]},"product_brand":[685],"product_cat":[247,27],"product_tag":[747,704,748],"class_list":{"0":"post-5222","1":"product","2":"type-product","3":"status-publish","4":"has-post-thumbnail","6":"product_brand-unika","7":"product_cat-equipment-maintenance","8":"product_cat-horse","9":"product_tag-leather-soap","10":"product_tag-linea-unika","11":"product_tag-tack-cleaning","12":"pa_size-1l","13":"pa_size-500-ml","15":"first","16":"instock","17":"taxable","18":"shipping-taxable","19":"purchasable","20":"product-type-variable"},"acf":[],"yoast_head":"<!-- This site is optimized with the Yoast SEO Premium plugin v26.2 (Yoast SEO v27.3) - https:\/\/yoast.com\/product\/yoast-seo-premium-wordpress\/ -->\n<title>Unika Leather Soap for Horse Tack \/ Sapone da Cuoio | Parima hinnaga ratsavarustuse e-pood<\/title>\n<meta name=\"robots\" content=\"index, follow, max-snippet:-1, max-image-preview:large, max-video-preview:-1\" \/>\n<link rel=\"canonical\" href=\"https:\/\/equidash.eu\/et\/shop\/hobune\/unika-leather-soap-for-horse-tack-sapone-da-cuoio\/\" \/>\n<meta property=\"og:locale\" content=\"et_EE\" \/>\n<meta property=\"og:type\" content=\"article\" \/>\n<meta property=\"og:title\" content=\"Unika Leather Soap for Horse Tack \/ Sapone da Cuoio\" \/>\n<meta property=\"og:url\" content=\"https:\/\/equidash.eu\/et\/shop\/hobune\/unika-leather-soap-for-horse-tack-sapone-da-cuoio\/\" \/>\n<meta property=\"og:site_name\" content=\"Parima hinnaga ratsavarustuse e-pood\" \/>\n<meta property=\"article:publisher\" content=\"https:\/\/www.facebook.com\/people\/EquiDash\/61560864479586\/\" \/>\n<meta property=\"article:modified_time\" content=\"2025-12-03T12:12:55+00:00\" \/>\n<meta property=\"og:image\" content=\"https:\/\/equidash.eu\/wp-content\/uploads\/2025\/12\/Linea-Unika_Leather-Soap_SAPONE-DA-CUOIO-02-jpg.webp\" \/>\n\t<meta property=\"og:image:width\" content=\"1000\" \/>\n\t<meta property=\"og:image:height\" content=\"1000\" \/>\n\t<meta property=\"og:image:type\" content=\"image\/webp\" \/>\n<meta name=\"twitter:card\" content=\"summary_large_image\" \/>\n<meta name=\"twitter:label1\" content=\"Availability\" \/>\n\t<meta name=\"twitter:data1\" content=\"In stock\" \/>\n<script type=\"application\/ld+json\" class=\"yoast-schema-graph\">{\"@context\":\"https:\\\/\\\/schema.org\",\"@graph\":[{\"@type\":\"WebPage\",\"@id\":\"https:\\\/\\\/equidash.eu\\\/shop\\\/horse\\\/unika-leather-soap-for-horse-tack-sapone-da-cuoio\\\/\",\"url\":\"https:\\\/\\\/equidash.eu\\\/shop\\\/horse\\\/unika-leather-soap-for-horse-tack-sapone-da-cuoio\\\/\",\"name\":\"Unika Leather Soap for Horse Tack \\\/ Sapone da Cuoio | Parima hinnaga ratsavarustuse e-pood\",\"isPartOf\":{\"@id\":\"https:\\\/\\\/equidash.eu\\\/#website\"},\"primaryImageOfPage\":{\"@id\":\"https:\\\/\\\/equidash.eu\\\/shop\\\/horse\\\/unika-leather-soap-for-horse-tack-sapone-da-cuoio\\\/#primaryimage\"},\"image\":{\"@id\":\"https:\\\/\\\/equidash.eu\\\/shop\\\/horse\\\/unika-leather-soap-for-horse-tack-sapone-da-cuoio\\\/#primaryimage\"},\"thumbnailUrl\":\"https:\\\/\\\/equidash.eu\\\/wp-content\\\/uploads\\\/2025\\\/12\\\/Linea-Unika_Leather-Soap_SAPONE-DA-CUOIO-02-jpg.webp\",\"datePublished\":\"2025-12-03T11:08:35+00:00\",\"dateModified\":\"2025-12-03T12:12:55+00:00\",\"breadcrumb\":{\"@id\":\"https:\\\/\\\/equidash.eu\\\/shop\\\/horse\\\/unika-leather-soap-for-horse-tack-sapone-da-cuoio\\\/#breadcrumb\"},\"inLanguage\":\"et\",\"potentialAction\":[{\"@type\":\"ReadAction\",\"target\":[\"https:\\\/\\\/equidash.eu\\\/shop\\\/horse\\\/unika-leather-soap-for-horse-tack-sapone-da-cuoio\\\/\"]}]},{\"@type\":\"ImageObject\",\"inLanguage\":\"et\",\"@id\":\"https:\\\/\\\/equidash.eu\\\/shop\\\/horse\\\/unika-leather-soap-for-horse-tack-sapone-da-cuoio\\\/#primaryimage\",\"url\":\"https:\\\/\\\/equidash.eu\\\/wp-content\\\/uploads\\\/2025\\\/12\\\/Linea-Unika_Leather-Soap_SAPONE-DA-CUOIO-02-jpg.webp\",\"contentUrl\":\"https:\\\/\\\/equidash.eu\\\/wp-content\\\/uploads\\\/2025\\\/12\\\/Linea-Unika_Leather-Soap_SAPONE-DA-CUOIO-02-jpg.webp\",\"width\":1000,\"height\":1000,\"caption\":\"Sapone da Cuoio \u2013 naha\u0161ampoon hobusevarustuse hoolduseks\"},{\"@type\":\"BreadcrumbList\",\"@id\":\"https:\\\/\\\/equidash.eu\\\/shop\\\/horse\\\/unika-leather-soap-for-horse-tack-sapone-da-cuoio\\\/#breadcrumb\",\"itemListElement\":[{\"@type\":\"ListItem\",\"position\":1,\"name\":\"Home\",\"item\":\"https:\\\/\\\/equidash.eu\\\/\"},{\"@type\":\"ListItem\",\"position\":2,\"name\":\"Shop\",\"item\":\"https:\\\/\\\/equidash.eu\\\/shop\\\/\"},{\"@type\":\"ListItem\",\"position\":3,\"name\":\"Unika Leather Soap for Horse Tack \\\/ Sapone da Cuoio\"}]},{\"@type\":\"WebSite\",\"@id\":\"https:\\\/\\\/equidash.eu\\\/#website\",\"url\":\"https:\\\/\\\/equidash.eu\\\/\",\"name\":\"EquiDash\",\"description\":\"Horse Riding Equipment and Accessories\",\"publisher\":{\"@id\":\"https:\\\/\\\/equidash.eu\\\/#organization\"},\"alternateName\":\"EquiDash\",\"potentialAction\":[{\"@type\":\"SearchAction\",\"target\":{\"@type\":\"EntryPoint\",\"urlTemplate\":\"https:\\\/\\\/equidash.eu\\\/?s={search_term_string}\"},\"query-input\":{\"@type\":\"PropertyValueSpecification\",\"valueRequired\":true,\"valueName\":\"search_term_string\"}}],\"inLanguage\":\"et\"},{\"@type\":\"Organization\",\"@id\":\"https:\\\/\\\/equidash.eu\\\/#organization\",\"name\":\"EquiDash\",\"alternateName\":\"EquiDash\",\"url\":\"https:\\\/\\\/equidash.eu\\\/\",\"logo\":{\"@type\":\"ImageObject\",\"inLanguage\":\"et\",\"@id\":\"https:\\\/\\\/equidash.eu\\\/#\\\/schema\\\/logo\\\/image\\\/\",\"url\":\"https:\\\/\\\/equidash.eu\\\/wp-content\\\/uploads\\\/2024\\\/09\\\/EQUIDASH_Logo_Raud-1.png\",\"contentUrl\":\"https:\\\/\\\/equidash.eu\\\/wp-content\\\/uploads\\\/2024\\\/09\\\/EQUIDASH_Logo_Raud-1.png\",\"width\":393,\"height\":422,\"caption\":\"EquiDash\"},\"image\":{\"@id\":\"https:\\\/\\\/equidash.eu\\\/#\\\/schema\\\/logo\\\/image\\\/\"},\"sameAs\":[\"https:\\\/\\\/www.facebook.com\\\/people\\\/EquiDash\\\/61560864479586\\\/\",\"https:\\\/\\\/www.instagram.com\\\/equidash.eshop\\\/\"],\"email\":\"info@equidash.eu\",\"telephone\":\"+372 59007334\",\"legalName\":\"Takian Corporation O\u00dc\",\"foundingDate\":\"2020-10-21\",\"vatID\":\"EE102301283\",\"numberOfEmployees\":{\"@type\":\"QuantitativeValue\",\"minValue\":\"1\",\"maxValue\":\"10\"},\"hasMerchantReturnPolicy\":{\"@type\":\"MerchantReturnPolicy\",\"merchantReturnLink\":\"https:\\\/\\\/equidash.eu\\\/et\\\/return-privacy\\\/\"}}]}<\/script>\n<meta property=\"product:brand\" content=\"Unika\" \/>\n<meta property=\"og:availability\" content=\"instock\" \/>\n<meta property=\"product:availability\" content=\"instock\" \/>\n<meta property=\"product:condition\" content=\"new\" \/>\n<!-- \/ Yoast SEO Premium plugin. -->","yoast_head_json":{"title":"Unika Leather Soap for Horse Tack \/ Sapone da Cuoio | Parima hinnaga ratsavarustuse e-pood","robots":{"index":"index","follow":"follow","max-snippet":"max-snippet:-1","max-image-preview":"max-image-preview:large","max-video-preview":"max-video-preview:-1"},"canonical":"https:\/\/equidash.eu\/et\/shop\/hobune\/unika-leather-soap-for-horse-tack-sapone-da-cuoio\/","og_locale":"et_EE","og_type":"article","og_title":"Unika Leather Soap for Horse Tack \/ Sapone da Cuoio","og_url":"https:\/\/equidash.eu\/et\/shop\/hobune\/unika-leather-soap-for-horse-tack-sapone-da-cuoio\/","og_site_name":"Parima hinnaga ratsavarustuse e-pood","article_publisher":"https:\/\/www.facebook.com\/people\/EquiDash\/61560864479586\/","article_modified_time":"2025-12-03T12:12:55+00:00","og_image":[{"width":1000,"height":1000,"url":"https:\/\/equidash.eu\/wp-content\/uploads\/2025\/12\/Linea-Unika_Leather-Soap_SAPONE-DA-CUOIO-02-jpg.webp","type":"image\/webp"}],"twitter_card":"summary_large_image","twitter_misc":{"Availability":"In stock"},"schema":{"@context":"https:\/\/schema.org","@graph":[{"@type":"WebPage","@id":"https:\/\/equidash.eu\/shop\/horse\/unika-leather-soap-for-horse-tack-sapone-da-cuoio\/","url":"https:\/\/equidash.eu\/shop\/horse\/unika-leather-soap-for-horse-tack-sapone-da-cuoio\/","name":"Unika Leather Soap for Horse Tack \/ Sapone da Cuoio | Parima hinnaga ratsavarustuse e-pood","isPartOf":{"@id":"https:\/\/equidash.eu\/#website"},"primaryImageOfPage":{"@id":"https:\/\/equidash.eu\/shop\/horse\/unika-leather-soap-for-horse-tack-sapone-da-cuoio\/#primaryimage"},"image":{"@id":"https:\/\/equidash.eu\/shop\/horse\/unika-leather-soap-for-horse-tack-sapone-da-cuoio\/#primaryimage"},"thumbnailUrl":"https:\/\/equidash.eu\/wp-content\/uploads\/2025\/12\/Linea-Unika_Leather-Soap_SAPONE-DA-CUOIO-02-jpg.webp","datePublished":"2025-12-03T11:08:35+00:00","dateModified":"2025-12-03T12:12:55+00:00","breadcrumb":{"@id":"https:\/\/equidash.eu\/shop\/horse\/unika-leather-soap-for-horse-tack-sapone-da-cuoio\/#breadcrumb"},"inLanguage":"et","potentialAction":[{"@type":"ReadAction","target":["https:\/\/equidash.eu\/shop\/horse\/unika-leather-soap-for-horse-tack-sapone-da-cuoio\/"]}]},{"@type":"ImageObject","inLanguage":"et","@id":"https:\/\/equidash.eu\/shop\/horse\/unika-leather-soap-for-horse-tack-sapone-da-cuoio\/#primaryimage","url":"https:\/\/equidash.eu\/wp-content\/uploads\/2025\/12\/Linea-Unika_Leather-Soap_SAPONE-DA-CUOIO-02-jpg.webp","contentUrl":"https:\/\/equidash.eu\/wp-content\/uploads\/2025\/12\/Linea-Unika_Leather-Soap_SAPONE-DA-CUOIO-02-jpg.webp","width":1000,"height":1000,"caption":"Sapone da Cuoio \u2013 naha\u0161ampoon hobusevarustuse hoolduseks"},{"@type":"BreadcrumbList","@id":"https:\/\/equidash.eu\/shop\/horse\/unika-leather-soap-for-horse-tack-sapone-da-cuoio\/#breadcrumb","itemListElement":[{"@type":"ListItem","position":1,"name":"Home","item":"https:\/\/equidash.eu\/"},{"@type":"ListItem","position":2,"name":"Shop","item":"https:\/\/equidash.eu\/shop\/"},{"@type":"ListItem","position":3,"name":"Unika Leather Soap for Horse Tack \/ Sapone da Cuoio"}]},{"@type":"WebSite","@id":"https:\/\/equidash.eu\/#website","url":"https:\/\/equidash.eu\/","name":"EquiDash","description":"Horse Riding Equipment and Accessories","publisher":{"@id":"https:\/\/equidash.eu\/#organization"},"alternateName":"EquiDash","potentialAction":[{"@type":"SearchAction","target":{"@type":"EntryPoint","urlTemplate":"https:\/\/equidash.eu\/?s={search_term_string}"},"query-input":{"@type":"PropertyValueSpecification","valueRequired":true,"valueName":"search_term_string"}}],"inLanguage":"et"},{"@type":"Organization","@id":"https:\/\/equidash.eu\/#organization","name":"EquiDash","alternateName":"EquiDash","url":"https:\/\/equidash.eu\/","logo":{"@type":"ImageObject","inLanguage":"et","@id":"https:\/\/equidash.eu\/#\/schema\/logo\/image\/","url":"https:\/\/equidash.eu\/wp-content\/uploads\/2024\/09\/EQUIDASH_Logo_Raud-1.png","contentUrl":"https:\/\/equidash.eu\/wp-content\/uploads\/2024\/09\/EQUIDASH_Logo_Raud-1.png","width":393,"height":422,"caption":"EquiDash"},"image":{"@id":"https:\/\/equidash.eu\/#\/schema\/logo\/image\/"},"sameAs":["https:\/\/www.facebook.com\/people\/EquiDash\/61560864479586\/","https:\/\/www.instagram.com\/equidash.eshop\/"],"email":"info@equidash.eu","telephone":"+372 59007334","legalName":"Takian Corporation O\u00dc","foundingDate":"2020-10-21","vatID":"EE102301283","numberOfEmployees":{"@type":"QuantitativeValue","minValue":"1","maxValue":"10"},"hasMerchantReturnPolicy":{"@type":"MerchantReturnPolicy","merchantReturnLink":"https:\/\/equidash.eu\/et\/return-privacy\/"}}]},"product_brand":"Unika","og_availability":"instock","product_availability":"instock","product_condition":"new"},"_links":{"self":[{"href":"https:\/\/equidash.eu\/et\/wp-json\/wp\/v2\/product\/5222","targetHints":{"allow":["GET"]}}],"collection":[{"href":"https:\/\/equidash.eu\/et\/wp-json\/wp\/v2\/product"}],"about":[{"href":"https:\/\/equidash.eu\/et\/wp-json\/wp\/v2\/types\/product"}],"wp:featuredmedia":[{"embeddable":true,"href":"https:\/\/equidash.eu\/et\/wp-json\/wp\/v2\/media\/5225"}],"wp:attachment":[{"href":"https:\/\/equidash.eu\/et\/wp-json\/wp\/v2\/media?parent=5222"}],"wp:term":[{"taxonomy":"product_brand","embeddable":true,"href":"https:\/\/equidash.eu\/et\/wp-json\/wp\/v2\/product_brand?post=5222"},{"taxonomy":"product_cat","embeddable":true,"href":"https:\/\/equidash.eu\/et\/wp-json\/wp\/v2\/product_cat?post=5222"},{"taxonomy":"product_tag","embeddable":true,"href":"https:\/\/equidash.eu\/et\/wp-json\/wp\/v2\/product_tag?post=5222"}],"curies":[{"name":"wp","href":"https:\/\/api.w.org\/{rel}","templated":true}]}}