{"id":5249,"date":"2026-04-06T22:43:35","date_gmt":"2026-04-06T20:43:35","guid":{"rendered":"https:\/\/equidash.eu\/?post_type=product&#038;p=5249"},"modified":"2026-04-06T22:43:37","modified_gmt":"2026-04-06T20:43:37","slug":"imperial-riding-grooming-box-basic-slim-line","status":"publish","type":"product","link":"https:\/\/equidash.eu\/et\/shop\/horse\/imperial-riding-grooming-box-basic-slim-line\/","title":{"rendered":"Imperial Riding harjakast Basic Slim Line"},"content":{"rendered":"<p data-start=\"0\" data-end=\"94\"><strong data-start=\"0\" data-end=\"48\">Imperial Riding harjakast Basic Slim Line<\/strong><br data-start=\"48\" data-end=\"51\" \/><em data-start=\"51\" data-end=\"94\">Kerge ja ruumis\u00e4\u00e4stlik hoiustus<\/em><\/p>\n<p data-start=\"96\" data-end=\"354\">Hoidke oma hooldustarvikud organiseeritult ja alati k\u00e4ep\u00e4rast selle stiilse ja praktilise harjakastiga. Selle \u00f5huke disain mahub h\u00f5lpsasti enamikesse tallikappidesse, samas kui kerge konstruktsioon teeb selle ideaalseks igap\u00e4evaseks kasutamiseks tallis v\u00f5i v\u00f5istlustel.<\/p>\n<p data-start=\"356\" data-end=\"563\">Sisemine elastne tasku hoiab v\u00e4iksemaid esemeid, nagu kindad v\u00f5i juuksev\u00f5rgud, turvaliselt paigal, nii et midagi ei kaoks.<\/p>\n<p data-start=\"565\" data-end=\"582\"><strong data-start=\"565\" data-end=\"582\">Peamised omadused:<\/strong><\/p>\n<ul data-start=\"583\" data-end=\"723\" data-is-last-node=\"\" data-is-only-node=\"\">\n<li data-section-id=\"16hbjej\" data-start=\"583\" data-end=\"615\">\u00d5huke, tallikappidesse sobiv disain<\/li>\n<li data-section-id=\"18ka52r\" data-start=\"616\" data-end=\"649\">Kerge ja mugav kaasas kanda<\/li>\n<li data-section-id=\"1jj7irt\" data-start=\"650\" data-end=\"684\">Elastne tasku v\u00e4ikeste esemete jaoks<\/li>\n<li data-section-id=\"1pb676m\" data-start=\"685\" data-end=\"723\" data-is-last-node=\"\">Hoiab vajalikud tarvikud korras ja k\u00e4ep\u00e4rast<\/li>\n<\/ul>","protected":false},"excerpt":{"rendered":"<p><a href=\"https:\/\/equidash.eu\/et\/tootesilt\/imperial-riding\/\"><img decoding=\"async\" style=\"height: 60px; margin-top: 20px;\" src=\"https:\/\/equidash.eu\/wp-content\/uploads\/2024\/12\/IR-Small-Horseshoe_DivaPink.png\" alt=\"\" \/><\/a><\/p>","protected":false},"featured_media":5255,"template":"","meta":{"_acf_changed":false,"_joinchat":[]},"product_brand":[504],"product_cat":[27,189,248,249],"product_tag":[40,755,380],"class_list":{"0":"post-5249","1":"product","2":"type-product","3":"status-publish","4":"has-post-thumbnail","6":"product_brand-imperial-riding","7":"product_cat-horse","8":"product_cat-health-care-horse","9":"product_cat-grooming-tools","10":"product_cat-boxes-bags","11":"product_tag-grooming","12":"product_tag-grooming-box","13":"product_tag-imperial-riding","14":"pa_colors-black","15":"pa_colors-brown-brown-croco","16":"pa_colors-mermaid","17":"pa_colors-silver","18":"pa_colors-unicorn-2","20":"first","21":"instock","22":"taxable","23":"shipping-taxable","24":"purchasable","25":"product-type-variable"},"acf":[],"yoast_head":"<!-- This site is optimized with the Yoast SEO Premium plugin v26.2 (Yoast SEO v27.3) - https:\/\/yoast.com\/product\/yoast-seo-premium-wordpress\/ -->\n<title>Imperial Riding Grooming box Basic Slim line | Parima hinnaga ratsavarustuse e-pood<\/title>\n<meta name=\"description\" content=\"Imperial Riding Grooming box Basic Slim line\" \/>\n<meta name=\"robots\" content=\"index, follow, max-snippet:-1, max-image-preview:large, max-video-preview:-1\" \/>\n<link rel=\"canonical\" href=\"https:\/\/equidash.eu\/et\/shop\/hobune\/imperial-riding-grooming-box-basic-slim-line\/\" \/>\n<meta property=\"og:locale\" content=\"et_EE\" \/>\n<meta property=\"og:type\" content=\"article\" \/>\n<meta property=\"og:title\" content=\"Imperial Riding Grooming box Basic Slim line\" \/>\n<meta property=\"og:description\" content=\"Imperial Riding Grooming box Basic Slim line\" \/>\n<meta property=\"og:url\" content=\"https:\/\/equidash.eu\/et\/shop\/hobune\/imperial-riding-grooming-box-basic-slim-line\/\" \/>\n<meta property=\"og:site_name\" content=\"Parima hinnaga ratsavarustuse e-pood\" \/>\n<meta property=\"article:publisher\" content=\"https:\/\/www.facebook.com\/people\/EquiDash\/61560864479586\/\" \/>\n<meta property=\"article:modified_time\" content=\"2026-04-06T20:43:37+00:00\" \/>\n<meta property=\"og:image\" content=\"https:\/\/equidash.eu\/wp-content\/uploads\/2026\/04\/ST68325003_5167_5167-Mermaid_0-scaled.jpg\" \/>\n\t<meta property=\"og:image:width\" content=\"2560\" \/>\n\t<meta property=\"og:image:height\" content=\"2560\" \/>\n\t<meta property=\"og:image:type\" content=\"image\/jpeg\" \/>\n<meta name=\"twitter:card\" content=\"summary_large_image\" \/>\n<meta name=\"twitter:label1\" content=\"Availability\" \/>\n\t<meta name=\"twitter:data1\" content=\"In stock\" \/>\n<script type=\"application\/ld+json\" class=\"yoast-schema-graph\">{\"@context\":\"https:\\\/\\\/schema.org\",\"@graph\":[{\"@type\":\"WebPage\",\"@id\":\"https:\\\/\\\/equidash.eu\\\/shop\\\/horse\\\/imperial-riding-grooming-box-basic-slim-line\\\/\",\"url\":\"https:\\\/\\\/equidash.eu\\\/shop\\\/horse\\\/imperial-riding-grooming-box-basic-slim-line\\\/\",\"name\":\"Imperial Riding Grooming box Basic Slim line | Parima hinnaga ratsavarustuse e-pood\",\"isPartOf\":{\"@id\":\"https:\\\/\\\/equidash.eu\\\/#website\"},\"primaryImageOfPage\":{\"@id\":\"https:\\\/\\\/equidash.eu\\\/shop\\\/horse\\\/imperial-riding-grooming-box-basic-slim-line\\\/#primaryimage\"},\"image\":{\"@id\":\"https:\\\/\\\/equidash.eu\\\/shop\\\/horse\\\/imperial-riding-grooming-box-basic-slim-line\\\/#primaryimage\"},\"thumbnailUrl\":\"https:\\\/\\\/equidash.eu\\\/wp-content\\\/uploads\\\/2026\\\/04\\\/ST68325003_5167_5167-Mermaid_0-scaled.jpg\",\"datePublished\":\"2026-04-06T20:43:35+00:00\",\"dateModified\":\"2026-04-06T20:43:37+00:00\",\"description\":\"Imperial Riding Grooming box Basic Slim line\",\"breadcrumb\":{\"@id\":\"https:\\\/\\\/equidash.eu\\\/shop\\\/horse\\\/imperial-riding-grooming-box-basic-slim-line\\\/#breadcrumb\"},\"inLanguage\":\"et\",\"potentialAction\":[{\"@type\":\"ReadAction\",\"target\":[\"https:\\\/\\\/equidash.eu\\\/shop\\\/horse\\\/imperial-riding-grooming-box-basic-slim-line\\\/\"]}]},{\"@type\":\"ImageObject\",\"inLanguage\":\"et\",\"@id\":\"https:\\\/\\\/equidash.eu\\\/shop\\\/horse\\\/imperial-riding-grooming-box-basic-slim-line\\\/#primaryimage\",\"url\":\"https:\\\/\\\/equidash.eu\\\/wp-content\\\/uploads\\\/2026\\\/04\\\/ST68325003_5167_5167-Mermaid_0-scaled.jpg\",\"contentUrl\":\"https:\\\/\\\/equidash.eu\\\/wp-content\\\/uploads\\\/2026\\\/04\\\/ST68325003_5167_5167-Mermaid_0-scaled.jpg\",\"width\":2560,\"height\":2560,\"caption\":\"Stiilne holograafiline Imperial Riding grooming box roosa-sinistes toonides\"},{\"@type\":\"BreadcrumbList\",\"@id\":\"https:\\\/\\\/equidash.eu\\\/shop\\\/horse\\\/imperial-riding-grooming-box-basic-slim-line\\\/#breadcrumb\",\"itemListElement\":[{\"@type\":\"ListItem\",\"position\":1,\"name\":\"Home\",\"item\":\"https:\\\/\\\/equidash.eu\\\/\"},{\"@type\":\"ListItem\",\"position\":2,\"name\":\"Shop\",\"item\":\"https:\\\/\\\/equidash.eu\\\/shop\\\/\"},{\"@type\":\"ListItem\",\"position\":3,\"name\":\"Imperial Riding Grooming box Basic Slim line\"}]},{\"@type\":\"WebSite\",\"@id\":\"https:\\\/\\\/equidash.eu\\\/#website\",\"url\":\"https:\\\/\\\/equidash.eu\\\/\",\"name\":\"EquiDash\",\"description\":\"Horse Riding Equipment and Accessories\",\"publisher\":{\"@id\":\"https:\\\/\\\/equidash.eu\\\/#organization\"},\"alternateName\":\"EquiDash\",\"potentialAction\":[{\"@type\":\"SearchAction\",\"target\":{\"@type\":\"EntryPoint\",\"urlTemplate\":\"https:\\\/\\\/equidash.eu\\\/?s={search_term_string}\"},\"query-input\":{\"@type\":\"PropertyValueSpecification\",\"valueRequired\":true,\"valueName\":\"search_term_string\"}}],\"inLanguage\":\"et\"},{\"@type\":\"Organization\",\"@id\":\"https:\\\/\\\/equidash.eu\\\/#organization\",\"name\":\"EquiDash\",\"alternateName\":\"EquiDash\",\"url\":\"https:\\\/\\\/equidash.eu\\\/\",\"logo\":{\"@type\":\"ImageObject\",\"inLanguage\":\"et\",\"@id\":\"https:\\\/\\\/equidash.eu\\\/#\\\/schema\\\/logo\\\/image\\\/\",\"url\":\"https:\\\/\\\/equidash.eu\\\/wp-content\\\/uploads\\\/2024\\\/09\\\/EQUIDASH_Logo_Raud-1.png\",\"contentUrl\":\"https:\\\/\\\/equidash.eu\\\/wp-content\\\/uploads\\\/2024\\\/09\\\/EQUIDASH_Logo_Raud-1.png\",\"width\":393,\"height\":422,\"caption\":\"EquiDash\"},\"image\":{\"@id\":\"https:\\\/\\\/equidash.eu\\\/#\\\/schema\\\/logo\\\/image\\\/\"},\"sameAs\":[\"https:\\\/\\\/www.facebook.com\\\/people\\\/EquiDash\\\/61560864479586\\\/\",\"https:\\\/\\\/www.instagram.com\\\/equidash.eshop\\\/\"],\"email\":\"info@equidash.eu\",\"telephone\":\"+372 59007334\",\"legalName\":\"Takian Corporation O\u00dc\",\"foundingDate\":\"2020-10-21\",\"vatID\":\"EE102301283\",\"numberOfEmployees\":{\"@type\":\"QuantitativeValue\",\"minValue\":\"1\",\"maxValue\":\"10\"},\"hasMerchantReturnPolicy\":{\"@type\":\"MerchantReturnPolicy\",\"merchantReturnLink\":\"https:\\\/\\\/equidash.eu\\\/et\\\/return-privacy\\\/\"}}]}<\/script>\n<meta property=\"product:brand\" content=\"Imperial Riding\" \/>\n<meta property=\"og:availability\" content=\"instock\" \/>\n<meta property=\"product:availability\" content=\"instock\" \/>\n<meta property=\"product:retailer_item_id\" content=\"ST68325003\" \/>\n<meta property=\"product:condition\" content=\"new\" \/>\n<!-- \/ Yoast SEO Premium plugin. -->","yoast_head_json":{"title":"Imperial Riding Grooming box Basic Slim line | Parima hinnaga ratsavarustuse e-pood","description":"Imperial Riding harjakast Basic Slim Line","robots":{"index":"index","follow":"follow","max-snippet":"max-snippet:-1","max-image-preview":"max-image-preview:large","max-video-preview":"max-video-preview:-1"},"canonical":"https:\/\/equidash.eu\/et\/shop\/hobune\/imperial-riding-grooming-box-basic-slim-line\/","og_locale":"et_EE","og_type":"article","og_title":"Imperial Riding Grooming box Basic Slim line","og_description":"Imperial Riding Grooming box Basic Slim line","og_url":"https:\/\/equidash.eu\/et\/shop\/hobune\/imperial-riding-grooming-box-basic-slim-line\/","og_site_name":"Parima hinnaga ratsavarustuse e-pood","article_publisher":"https:\/\/www.facebook.com\/people\/EquiDash\/61560864479586\/","article_modified_time":"2026-04-06T20:43:37+00:00","og_image":[{"width":2560,"height":2560,"url":"https:\/\/equidash.eu\/wp-content\/uploads\/2026\/04\/ST68325003_5167_5167-Mermaid_0-scaled.jpg","type":"image\/jpeg"}],"twitter_card":"summary_large_image","twitter_misc":{"Availability":"In stock"},"schema":{"@context":"https:\/\/schema.org","@graph":[{"@type":"WebPage","@id":"https:\/\/equidash.eu\/shop\/horse\/imperial-riding-grooming-box-basic-slim-line\/","url":"https:\/\/equidash.eu\/shop\/horse\/imperial-riding-grooming-box-basic-slim-line\/","name":"Imperial Riding Grooming box Basic Slim line | Parima hinnaga ratsavarustuse e-pood","isPartOf":{"@id":"https:\/\/equidash.eu\/#website"},"primaryImageOfPage":{"@id":"https:\/\/equidash.eu\/shop\/horse\/imperial-riding-grooming-box-basic-slim-line\/#primaryimage"},"image":{"@id":"https:\/\/equidash.eu\/shop\/horse\/imperial-riding-grooming-box-basic-slim-line\/#primaryimage"},"thumbnailUrl":"https:\/\/equidash.eu\/wp-content\/uploads\/2026\/04\/ST68325003_5167_5167-Mermaid_0-scaled.jpg","datePublished":"2026-04-06T20:43:35+00:00","dateModified":"2026-04-06T20:43:37+00:00","description":"Imperial Riding harjakast Basic Slim Line","breadcrumb":{"@id":"https:\/\/equidash.eu\/shop\/horse\/imperial-riding-grooming-box-basic-slim-line\/#breadcrumb"},"inLanguage":"et","potentialAction":[{"@type":"ReadAction","target":["https:\/\/equidash.eu\/shop\/horse\/imperial-riding-grooming-box-basic-slim-line\/"]}]},{"@type":"ImageObject","inLanguage":"et","@id":"https:\/\/equidash.eu\/shop\/horse\/imperial-riding-grooming-box-basic-slim-line\/#primaryimage","url":"https:\/\/equidash.eu\/wp-content\/uploads\/2026\/04\/ST68325003_5167_5167-Mermaid_0-scaled.jpg","contentUrl":"https:\/\/equidash.eu\/wp-content\/uploads\/2026\/04\/ST68325003_5167_5167-Mermaid_0-scaled.jpg","width":2560,"height":2560,"caption":"Stiilne holograafiline Imperial Riding grooming box roosa-sinistes toonides"},{"@type":"BreadcrumbList","@id":"https:\/\/equidash.eu\/shop\/horse\/imperial-riding-grooming-box-basic-slim-line\/#breadcrumb","itemListElement":[{"@type":"ListItem","position":1,"name":"Home","item":"https:\/\/equidash.eu\/"},{"@type":"ListItem","position":2,"name":"Shop","item":"https:\/\/equidash.eu\/shop\/"},{"@type":"ListItem","position":3,"name":"Imperial Riding Grooming box Basic Slim line"}]},{"@type":"WebSite","@id":"https:\/\/equidash.eu\/#website","url":"https:\/\/equidash.eu\/","name":"EquiDash","description":"Horse Riding Equipment and Accessories","publisher":{"@id":"https:\/\/equidash.eu\/#organization"},"alternateName":"EquiDash","potentialAction":[{"@type":"SearchAction","target":{"@type":"EntryPoint","urlTemplate":"https:\/\/equidash.eu\/?s={search_term_string}"},"query-input":{"@type":"PropertyValueSpecification","valueRequired":true,"valueName":"search_term_string"}}],"inLanguage":"et"},{"@type":"Organization","@id":"https:\/\/equidash.eu\/#organization","name":"EquiDash","alternateName":"EquiDash","url":"https:\/\/equidash.eu\/","logo":{"@type":"ImageObject","inLanguage":"et","@id":"https:\/\/equidash.eu\/#\/schema\/logo\/image\/","url":"https:\/\/equidash.eu\/wp-content\/uploads\/2024\/09\/EQUIDASH_Logo_Raud-1.png","contentUrl":"https:\/\/equidash.eu\/wp-content\/uploads\/2024\/09\/EQUIDASH_Logo_Raud-1.png","width":393,"height":422,"caption":"EquiDash"},"image":{"@id":"https:\/\/equidash.eu\/#\/schema\/logo\/image\/"},"sameAs":["https:\/\/www.facebook.com\/people\/EquiDash\/61560864479586\/","https:\/\/www.instagram.com\/equidash.eshop\/"],"email":"info@equidash.eu","telephone":"+372 59007334","legalName":"Takian Corporation O\u00dc","foundingDate":"2020-10-21","vatID":"EE102301283","numberOfEmployees":{"@type":"QuantitativeValue","minValue":"1","maxValue":"10"},"hasMerchantReturnPolicy":{"@type":"MerchantReturnPolicy","merchantReturnLink":"https:\/\/equidash.eu\/et\/return-privacy\/"}}]},"product_brand":"Imperial Riding","og_availability":"instock","product_availability":"instock","product_retailer_item_id":"ST68325003","product_condition":"new"},"_links":{"self":[{"href":"https:\/\/equidash.eu\/et\/wp-json\/wp\/v2\/product\/5249","targetHints":{"allow":["GET"]}}],"collection":[{"href":"https:\/\/equidash.eu\/et\/wp-json\/wp\/v2\/product"}],"about":[{"href":"https:\/\/equidash.eu\/et\/wp-json\/wp\/v2\/types\/product"}],"wp:featuredmedia":[{"embeddable":true,"href":"https:\/\/equidash.eu\/et\/wp-json\/wp\/v2\/media\/5255"}],"wp:attachment":[{"href":"https:\/\/equidash.eu\/et\/wp-json\/wp\/v2\/media?parent=5249"}],"wp:term":[{"taxonomy":"product_brand","embeddable":true,"href":"https:\/\/equidash.eu\/et\/wp-json\/wp\/v2\/product_brand?post=5249"},{"taxonomy":"product_cat","embeddable":true,"href":"https:\/\/equidash.eu\/et\/wp-json\/wp\/v2\/product_cat?post=5249"},{"taxonomy":"product_tag","embeddable":true,"href":"https:\/\/equidash.eu\/et\/wp-json\/wp\/v2\/product_tag?post=5249"}],"curies":[{"name":"wp","href":"https:\/\/api.w.org\/{rel}","templated":true}]}}