{"id":5268,"date":"2026-04-06T23:58:45","date_gmt":"2026-04-06T21:58:45","guid":{"rendered":"https:\/\/equidash.eu\/?post_type=product&#038;p=5268"},"modified":"2026-04-07T00:07:30","modified_gmt":"2026-04-06T22:07:30","slug":"imperial-riding-competition-shirt-shine","status":"publish","type":"product","link":"https:\/\/equidash.eu\/et\/shop\/rider\/imperial-riding-competition-shirt-shine\/","title":{"rendered":"Imperial Riding v\u00f5istluspluus Shine"},"content":{"rendered":"<p data-start=\"0\" data-end=\"76\"><strong data-start=\"0\" data-end=\"43\">Imperial Riding v\u00f5istluspluus Shine<\/strong><br data-start=\"43\" data-end=\"46\" \/><em data-start=\"46\" data-end=\"76\">Julge, glamuurne ja funktsionaalne<\/em><\/p>\n<p data-start=\"78\" data-end=\"415\">Imperial Riding v\u00f5istluspluus Shine on loodud ratsanikele, kes soovivad \u00fchendada elegantsi, mugavuse ja pilkup\u00fc\u00fcdva stiili. See l\u00fchikeste varrukatega v\u00f5istluspluus on varustatud s\u00e4rava valge krae ja esipaneeliga, mida kaunistavad kaunid kahetoonilised kristallidega-detailid, luues t\u00f5eliselt glamuurse v\u00e4limuse.<\/p>\n<p data-start=\"417\" data-end=\"679\">Kerge 4-suunaline elastne materjal tagab maksimaalse mugavuse ja liikumisvabaduse ratsutamisel. Praktiline poollukuga krae osa teeb pluusi selga panemise ja eemaldamise lihtsaks.<\/p>\n<p data-start=\"681\" data-end=\"750\">Ideaalne v\u00f5istlusteks, kus sooritus ja stiil k\u00e4ivad k\u00e4sik\u00e4es.<\/p>\n<p data-start=\"752\" data-end=\"769\"><strong data-start=\"752\" data-end=\"769\">Peamised omadused:<\/strong><\/p>\n<ul data-start=\"770\" data-end=\"972\">\n<li data-section-id=\"1tirsdu\" data-start=\"770\" data-end=\"813\">Kaunis kahetooniline kristallidest kaunistus<\/li>\n<li data-section-id=\"145y948\" data-start=\"814\" data-end=\"854\">Klassikaline valge krae ja esipaneel<\/li>\n<li data-section-id=\"97m1mk\" data-start=\"855\" data-end=\"903\">Kerge, hingav 4-suunaline elastne materjal<\/li>\n<li data-section-id=\"xk2rw0\" data-start=\"904\" data-end=\"936\">Poollukuga krae osa lihtsaks selga panekuks<\/li>\n<li data-section-id=\"u212sg\" data-start=\"937\" data-end=\"972\">Mugav l\u00fchikeste varrukatega disain<\/li>\n<\/ul>\n<p data-start=\"974\" data-end=\"1015\" data-is-last-node=\"\" data-is-only-node=\"\"><strong data-start=\"974\" data-end=\"987\">Materjal:<\/strong> 87% pol\u00fcamiid, 13% elastaan<\/p>","protected":false},"excerpt":{"rendered":"<p><a href=\"https:\/\/equidash.eu\/et\/tootesilt\/imperial-riding\/\"><img decoding=\"async\" style=\"height: 60px; margin-top: 20px;\" src=\"https:\/\/equidash.eu\/wp-content\/uploads\/2024\/12\/IR-Small-Horseshoe_DivaPink.png\" alt=\"\" \/><\/a><\/p>","protected":false},"featured_media":5308,"template":"","meta":{"_acf_changed":false,"_joinchat":[]},"product_brand":[504],"product_cat":[22,203,206,210,261],"product_tag":[102,380,97,758],"class_list":{"0":"post-5268","1":"product","2":"type-product","3":"status-publish","4":"has-post-thumbnail","6":"product_brand-imperial-riding","7":"product_cat-rider","8":"product_cat-riding-clothing-rider","9":"product_cat-women-riding-clothing-rider","10":"product_cat-competition-wear-women-riding-clothing-rider","11":"product_cat-show-shirts","12":"product_tag-competition","13":"product_tag-imperial-riding","14":"product_tag-shirt","15":"product_tag-ss26","16":"pa_colors-black","17":"pa_colors-navy","18":"pa_colors-straw","19":"pa_colors-white","20":"pa_colors-wisteria","21":"pa_size-l","22":"pa_size-m","23":"pa_size-s","24":"pa_size-xl","25":"pa_size-xs","27":"first","28":"instock","29":"taxable","30":"shipping-taxable","31":"purchasable","32":"product-type-variable"},"acf":[],"yoast_head":"<!-- This site is optimized with the Yoast SEO Premium plugin v26.2 (Yoast SEO v27.3) - https:\/\/yoast.com\/product\/yoast-seo-premium-wordpress\/ -->\n<title>Imperial Riding Competition shirt Shine | Parima hinnaga ratsavarustuse e-pood<\/title>\n<meta name=\"description\" content=\"Imperial Riding Competition Shirt Shine\" \/>\n<meta name=\"robots\" content=\"index, follow, max-snippet:-1, max-image-preview:large, max-video-preview:-1\" \/>\n<link rel=\"canonical\" href=\"https:\/\/equidash.eu\/et\/shop\/ratsanik\/imperial-riding-competition-shirt-shine\/\" \/>\n<meta property=\"og:locale\" content=\"et_EE\" \/>\n<meta property=\"og:type\" content=\"article\" \/>\n<meta property=\"og:title\" content=\"Imperial Riding Competition shirt Shine\" \/>\n<meta property=\"og:description\" content=\"Imperial Riding Competition Shirt Shine\" \/>\n<meta property=\"og:url\" content=\"https:\/\/equidash.eu\/et\/shop\/ratsanik\/imperial-riding-competition-shirt-shine\/\" \/>\n<meta property=\"og:site_name\" content=\"Parima hinnaga ratsavarustuse e-pood\" \/>\n<meta property=\"article:publisher\" content=\"https:\/\/www.facebook.com\/people\/EquiDash\/61560864479586\/\" \/>\n<meta property=\"article:modified_time\" content=\"2026-04-06T22:07:30+00:00\" \/>\n<meta property=\"og:image\" content=\"https:\/\/equidash.eu\/wp-content\/uploads\/2026\/04\/KL35126000_4068_4068-Wisteria_2-scaled.jpg\" \/>\n\t<meta property=\"og:image:width\" content=\"2560\" \/>\n\t<meta property=\"og:image:height\" content=\"2560\" \/>\n\t<meta property=\"og:image:type\" content=\"image\/jpeg\" \/>\n<meta name=\"twitter:card\" content=\"summary_large_image\" \/>\n<meta name=\"twitter:label1\" content=\"Availability\" \/>\n\t<meta name=\"twitter:data1\" content=\"In stock\" \/>\n<script type=\"application\/ld+json\" class=\"yoast-schema-graph\">{\"@context\":\"https:\\\/\\\/schema.org\",\"@graph\":[{\"@type\":\"WebPage\",\"@id\":\"https:\\\/\\\/equidash.eu\\\/shop\\\/rider\\\/imperial-riding-competition-shirt-shine\\\/\",\"url\":\"https:\\\/\\\/equidash.eu\\\/shop\\\/rider\\\/imperial-riding-competition-shirt-shine\\\/\",\"name\":\"Imperial Riding Competition shirt Shine | Parima hinnaga ratsavarustuse e-pood\",\"isPartOf\":{\"@id\":\"https:\\\/\\\/equidash.eu\\\/#website\"},\"primaryImageOfPage\":{\"@id\":\"https:\\\/\\\/equidash.eu\\\/shop\\\/rider\\\/imperial-riding-competition-shirt-shine\\\/#primaryimage\"},\"image\":{\"@id\":\"https:\\\/\\\/equidash.eu\\\/shop\\\/rider\\\/imperial-riding-competition-shirt-shine\\\/#primaryimage\"},\"thumbnailUrl\":\"https:\\\/\\\/equidash.eu\\\/wp-content\\\/uploads\\\/2026\\\/04\\\/KL35126000_4068_4068-Wisteria_2-scaled.jpg\",\"datePublished\":\"2026-04-06T21:58:45+00:00\",\"dateModified\":\"2026-04-06T22:07:30+00:00\",\"description\":\"Imperial Riding Competition Shirt Shine\",\"breadcrumb\":{\"@id\":\"https:\\\/\\\/equidash.eu\\\/shop\\\/rider\\\/imperial-riding-competition-shirt-shine\\\/#breadcrumb\"},\"inLanguage\":\"et\",\"potentialAction\":[{\"@type\":\"ReadAction\",\"target\":[\"https:\\\/\\\/equidash.eu\\\/shop\\\/rider\\\/imperial-riding-competition-shirt-shine\\\/\"]}]},{\"@type\":\"ImageObject\",\"inLanguage\":\"et\",\"@id\":\"https:\\\/\\\/equidash.eu\\\/shop\\\/rider\\\/imperial-riding-competition-shirt-shine\\\/#primaryimage\",\"url\":\"https:\\\/\\\/equidash.eu\\\/wp-content\\\/uploads\\\/2026\\\/04\\\/KL35126000_4068_4068-Wisteria_2-scaled.jpg\",\"contentUrl\":\"https:\\\/\\\/equidash.eu\\\/wp-content\\\/uploads\\\/2026\\\/04\\\/KL35126000_4068_4068-Wisteria_2-scaled.jpg\",\"width\":2560,\"height\":2560},{\"@type\":\"BreadcrumbList\",\"@id\":\"https:\\\/\\\/equidash.eu\\\/shop\\\/rider\\\/imperial-riding-competition-shirt-shine\\\/#breadcrumb\",\"itemListElement\":[{\"@type\":\"ListItem\",\"position\":1,\"name\":\"Home\",\"item\":\"https:\\\/\\\/equidash.eu\\\/\"},{\"@type\":\"ListItem\",\"position\":2,\"name\":\"Shop\",\"item\":\"https:\\\/\\\/equidash.eu\\\/shop\\\/\"},{\"@type\":\"ListItem\",\"position\":3,\"name\":\"Imperial Riding Competition shirt Shine\"}]},{\"@type\":\"WebSite\",\"@id\":\"https:\\\/\\\/equidash.eu\\\/#website\",\"url\":\"https:\\\/\\\/equidash.eu\\\/\",\"name\":\"EquiDash\",\"description\":\"Horse Riding Equipment and Accessories\",\"publisher\":{\"@id\":\"https:\\\/\\\/equidash.eu\\\/#organization\"},\"alternateName\":\"EquiDash\",\"potentialAction\":[{\"@type\":\"SearchAction\",\"target\":{\"@type\":\"EntryPoint\",\"urlTemplate\":\"https:\\\/\\\/equidash.eu\\\/?s={search_term_string}\"},\"query-input\":{\"@type\":\"PropertyValueSpecification\",\"valueRequired\":true,\"valueName\":\"search_term_string\"}}],\"inLanguage\":\"et\"},{\"@type\":\"Organization\",\"@id\":\"https:\\\/\\\/equidash.eu\\\/#organization\",\"name\":\"EquiDash\",\"alternateName\":\"EquiDash\",\"url\":\"https:\\\/\\\/equidash.eu\\\/\",\"logo\":{\"@type\":\"ImageObject\",\"inLanguage\":\"et\",\"@id\":\"https:\\\/\\\/equidash.eu\\\/#\\\/schema\\\/logo\\\/image\\\/\",\"url\":\"https:\\\/\\\/equidash.eu\\\/wp-content\\\/uploads\\\/2024\\\/09\\\/EQUIDASH_Logo_Raud-1.png\",\"contentUrl\":\"https:\\\/\\\/equidash.eu\\\/wp-content\\\/uploads\\\/2024\\\/09\\\/EQUIDASH_Logo_Raud-1.png\",\"width\":393,\"height\":422,\"caption\":\"EquiDash\"},\"image\":{\"@id\":\"https:\\\/\\\/equidash.eu\\\/#\\\/schema\\\/logo\\\/image\\\/\"},\"sameAs\":[\"https:\\\/\\\/www.facebook.com\\\/people\\\/EquiDash\\\/61560864479586\\\/\",\"https:\\\/\\\/www.instagram.com\\\/equidash.eshop\\\/\"],\"email\":\"info@equidash.eu\",\"telephone\":\"+372 59007334\",\"legalName\":\"Takian Corporation O\u00dc\",\"foundingDate\":\"2020-10-21\",\"vatID\":\"EE102301283\",\"numberOfEmployees\":{\"@type\":\"QuantitativeValue\",\"minValue\":\"1\",\"maxValue\":\"10\"},\"hasMerchantReturnPolicy\":{\"@type\":\"MerchantReturnPolicy\",\"merchantReturnLink\":\"https:\\\/\\\/equidash.eu\\\/et\\\/return-privacy\\\/\"}}]}<\/script>\n<meta property=\"product:brand\" content=\"Imperial Riding\" \/>\n<meta property=\"og:availability\" content=\"instock\" \/>\n<meta property=\"product:availability\" content=\"instock\" \/>\n<meta property=\"product:retailer_item_id\" content=\"KL35126000\" \/>\n<meta property=\"product:condition\" content=\"new\" \/>\n<!-- \/ Yoast SEO Premium plugin. -->","yoast_head_json":{"title":"Imperial Riding Competition shirt Shine | Parima hinnaga ratsavarustuse e-pood","description":"Imperial Riding v\u00f5istluspluus Shine","robots":{"index":"index","follow":"follow","max-snippet":"max-snippet:-1","max-image-preview":"max-image-preview:large","max-video-preview":"max-video-preview:-1"},"canonical":"https:\/\/equidash.eu\/et\/shop\/ratsanik\/imperial-riding-competition-shirt-shine\/","og_locale":"et_EE","og_type":"article","og_title":"Imperial Riding Competition shirt Shine","og_description":"Imperial Riding Competition Shirt Shine","og_url":"https:\/\/equidash.eu\/et\/shop\/ratsanik\/imperial-riding-competition-shirt-shine\/","og_site_name":"Parima hinnaga ratsavarustuse e-pood","article_publisher":"https:\/\/www.facebook.com\/people\/EquiDash\/61560864479586\/","article_modified_time":"2026-04-06T22:07:30+00:00","og_image":[{"width":2560,"height":2560,"url":"https:\/\/equidash.eu\/wp-content\/uploads\/2026\/04\/KL35126000_4068_4068-Wisteria_2-scaled.jpg","type":"image\/jpeg"}],"twitter_card":"summary_large_image","twitter_misc":{"Availability":"In stock"},"schema":{"@context":"https:\/\/schema.org","@graph":[{"@type":"WebPage","@id":"https:\/\/equidash.eu\/shop\/rider\/imperial-riding-competition-shirt-shine\/","url":"https:\/\/equidash.eu\/shop\/rider\/imperial-riding-competition-shirt-shine\/","name":"Imperial Riding Competition shirt Shine | Parima hinnaga ratsavarustuse e-pood","isPartOf":{"@id":"https:\/\/equidash.eu\/#website"},"primaryImageOfPage":{"@id":"https:\/\/equidash.eu\/shop\/rider\/imperial-riding-competition-shirt-shine\/#primaryimage"},"image":{"@id":"https:\/\/equidash.eu\/shop\/rider\/imperial-riding-competition-shirt-shine\/#primaryimage"},"thumbnailUrl":"https:\/\/equidash.eu\/wp-content\/uploads\/2026\/04\/KL35126000_4068_4068-Wisteria_2-scaled.jpg","datePublished":"2026-04-06T21:58:45+00:00","dateModified":"2026-04-06T22:07:30+00:00","description":"Imperial Riding v\u00f5istluspluus Shine","breadcrumb":{"@id":"https:\/\/equidash.eu\/shop\/rider\/imperial-riding-competition-shirt-shine\/#breadcrumb"},"inLanguage":"et","potentialAction":[{"@type":"ReadAction","target":["https:\/\/equidash.eu\/shop\/rider\/imperial-riding-competition-shirt-shine\/"]}]},{"@type":"ImageObject","inLanguage":"et","@id":"https:\/\/equidash.eu\/shop\/rider\/imperial-riding-competition-shirt-shine\/#primaryimage","url":"https:\/\/equidash.eu\/wp-content\/uploads\/2026\/04\/KL35126000_4068_4068-Wisteria_2-scaled.jpg","contentUrl":"https:\/\/equidash.eu\/wp-content\/uploads\/2026\/04\/KL35126000_4068_4068-Wisteria_2-scaled.jpg","width":2560,"height":2560},{"@type":"BreadcrumbList","@id":"https:\/\/equidash.eu\/shop\/rider\/imperial-riding-competition-shirt-shine\/#breadcrumb","itemListElement":[{"@type":"ListItem","position":1,"name":"Home","item":"https:\/\/equidash.eu\/"},{"@type":"ListItem","position":2,"name":"Shop","item":"https:\/\/equidash.eu\/shop\/"},{"@type":"ListItem","position":3,"name":"Imperial Riding Competition shirt Shine"}]},{"@type":"WebSite","@id":"https:\/\/equidash.eu\/#website","url":"https:\/\/equidash.eu\/","name":"EquiDash","description":"Horse Riding Equipment and Accessories","publisher":{"@id":"https:\/\/equidash.eu\/#organization"},"alternateName":"EquiDash","potentialAction":[{"@type":"SearchAction","target":{"@type":"EntryPoint","urlTemplate":"https:\/\/equidash.eu\/?s={search_term_string}"},"query-input":{"@type":"PropertyValueSpecification","valueRequired":true,"valueName":"search_term_string"}}],"inLanguage":"et"},{"@type":"Organization","@id":"https:\/\/equidash.eu\/#organization","name":"EquiDash","alternateName":"EquiDash","url":"https:\/\/equidash.eu\/","logo":{"@type":"ImageObject","inLanguage":"et","@id":"https:\/\/equidash.eu\/#\/schema\/logo\/image\/","url":"https:\/\/equidash.eu\/wp-content\/uploads\/2024\/09\/EQUIDASH_Logo_Raud-1.png","contentUrl":"https:\/\/equidash.eu\/wp-content\/uploads\/2024\/09\/EQUIDASH_Logo_Raud-1.png","width":393,"height":422,"caption":"EquiDash"},"image":{"@id":"https:\/\/equidash.eu\/#\/schema\/logo\/image\/"},"sameAs":["https:\/\/www.facebook.com\/people\/EquiDash\/61560864479586\/","https:\/\/www.instagram.com\/equidash.eshop\/"],"email":"info@equidash.eu","telephone":"+372 59007334","legalName":"Takian Corporation O\u00dc","foundingDate":"2020-10-21","vatID":"EE102301283","numberOfEmployees":{"@type":"QuantitativeValue","minValue":"1","maxValue":"10"},"hasMerchantReturnPolicy":{"@type":"MerchantReturnPolicy","merchantReturnLink":"https:\/\/equidash.eu\/et\/return-privacy\/"}}]},"product_brand":"Imperial Riding","og_availability":"instock","product_availability":"instock","product_retailer_item_id":"KL35126000","product_condition":"new"},"_links":{"self":[{"href":"https:\/\/equidash.eu\/et\/wp-json\/wp\/v2\/product\/5268","targetHints":{"allow":["GET"]}}],"collection":[{"href":"https:\/\/equidash.eu\/et\/wp-json\/wp\/v2\/product"}],"about":[{"href":"https:\/\/equidash.eu\/et\/wp-json\/wp\/v2\/types\/product"}],"wp:featuredmedia":[{"embeddable":true,"href":"https:\/\/equidash.eu\/et\/wp-json\/wp\/v2\/media\/5308"}],"wp:attachment":[{"href":"https:\/\/equidash.eu\/et\/wp-json\/wp\/v2\/media?parent=5268"}],"wp:term":[{"taxonomy":"product_brand","embeddable":true,"href":"https:\/\/equidash.eu\/et\/wp-json\/wp\/v2\/product_brand?post=5268"},{"taxonomy":"product_cat","embeddable":true,"href":"https:\/\/equidash.eu\/et\/wp-json\/wp\/v2\/product_cat?post=5268"},{"taxonomy":"product_tag","embeddable":true,"href":"https:\/\/equidash.eu\/et\/wp-json\/wp\/v2\/product_tag?post=5268"}],"curies":[{"name":"wp","href":"https:\/\/api.w.org\/{rel}","templated":true}]}}