{"id":643,"date":"2024-11-22T22:33:01","date_gmt":"2024-11-22T20:33:01","guid":{"rendered":"https:\/\/equidash.eu\/?post_type=product&#038;p=643"},"modified":"2025-06-08T16:28:29","modified_gmt":"2025-06-08T14:28:29","slug":"pomme-belt-carla","status":"publish","type":"product","link":"https:\/\/equidash.eu\/et\/shop\/rider\/accessories-rider\/belts-accessories-rider\/pomme-belt-carla\/","title":{"rendered":"Pomme nahast p\u00fcksiv\u00f6\u00f6 Carla"},"content":{"rendered":"<p><span style=\"color: #333333;\">Kaunis Pomme p\u00fcksiv\u00f6\u00f6 Carla t\u00e4iendab teie garderoobi. Valmistatud PU nahast. PU nahk on sageli keskkonnas\u00f5bralikum alternatiiv ehtsale nahale, kuna selle valmistamisel ei kasutata loomi. See on veekindel, kergesti hooldatav ning pakub hea alternatiivi eetikaga seotud valikutele.<\/span><br \/>\n<span style=\"color: #333333;\">Suurus XS-S pikkus: 87 cm<\/span><br \/>\n<span style=\"color: #333333;\">Suurus M-L pikkus: 97 cm<\/span><\/p>\n<p><span style=\"color: #333333;\">Modell kannab suurust XS-S<\/span><\/p>","protected":false},"excerpt":{"rendered":"<p class=\"ai-optimize-23 ai-optimize-introduction\"><a href=\"https:\/\/equidash.eu\/et\/tootesilt\/pomme\/\"><img decoding=\"async\" style=\"height: 20px; margin-top: 20px;\" src=\"https:\/\/equidash.eu\/wp-content\/uploads\/2024\/05\/pomme-logo.png\" alt=\"\" \/><\/a><\/p>","protected":false},"featured_media":998,"template":"","meta":{"_acf_changed":false,"_joinchat":[]},"product_brand":[668],"product_cat":[185,209,22],"product_tag":[17,96],"class_list":{"0":"post-643","1":"product","2":"type-product","3":"status-publish","4":"has-post-thumbnail","6":"product_brand-pomme","7":"product_cat-accessories-rider","8":"product_cat-belts-accessories-rider","9":"product_cat-rider","10":"product_tag-belt","11":"product_tag-pomme","12":"pa_colors-black","13":"pa_colors-brown","14":"pa_size-m-l","15":"pa_size-xs-s","17":"first","18":"instock","19":"taxable","20":"shipping-taxable","21":"purchasable","22":"product-type-variable"},"acf":[],"yoast_head":"<!-- This site is optimized with the Yoast SEO Premium plugin v26.2 (Yoast SEO v27.2) - https:\/\/yoast.com\/product\/yoast-seo-premium-wordpress\/ -->\n<title>Pomme Belt Carla | Parima hinnaga ratsavarustuse e-pood<\/title>\n<meta name=\"description\" content=\"Equdiash - ratsavarustuse veebipood. Pomme ratsariided. Pomme Belt Carla\" \/>\n<meta name=\"robots\" content=\"index, follow, max-snippet:-1, max-image-preview:large, max-video-preview:-1\" \/>\n<link rel=\"canonical\" href=\"https:\/\/equidash.eu\/et\/shop\/ratsanik\/aksessuaarid-ratsanik\/puksivood-aksessuaarid-ratsanik\/pomme-belt-carla\/\" \/>\n<meta property=\"og:locale\" content=\"et_EE\" \/>\n<meta property=\"og:type\" content=\"article\" \/>\n<meta property=\"og:title\" content=\"Pomme Belt Carla\" \/>\n<meta property=\"og:description\" content=\"Equdiash - ratsavarustuse veebipood. Pomme ratsariided. Pomme Belt Carla\" \/>\n<meta property=\"og:url\" content=\"https:\/\/equidash.eu\/et\/shop\/ratsanik\/aksessuaarid-ratsanik\/puksivood-aksessuaarid-ratsanik\/pomme-belt-carla\/\" \/>\n<meta property=\"og:site_name\" content=\"Parima hinnaga ratsavarustuse e-pood\" \/>\n<meta property=\"article:publisher\" content=\"https:\/\/www.facebook.com\/people\/EquiDash\/61560864479586\/\" \/>\n<meta property=\"article:modified_time\" content=\"2025-06-08T14:28:29+00:00\" \/>\n<meta property=\"og:image\" content=\"https:\/\/equidash.eu\/wp-content\/uploads\/2024\/11\/P_Belt_Carla_Black_1-1-1-1024x1024.png\" \/>\n\t<meta property=\"og:image:width\" content=\"1024\" \/>\n\t<meta property=\"og:image:height\" content=\"1024\" \/>\n\t<meta property=\"og:image:type\" content=\"image\/png\" \/>\n<meta name=\"twitter:card\" content=\"summary_large_image\" \/>\n<meta name=\"twitter:label1\" content=\"Availability\" \/>\n\t<meta name=\"twitter:data1\" content=\"In stock\" \/>\n<script type=\"application\/ld+json\" class=\"yoast-schema-graph\">{\"@context\":\"https:\/\/schema.org\",\"@graph\":[{\"@type\":\"WebPage\",\"@id\":\"https:\/\/equidash.eu\/shop\/rider\/accessories-rider\/belts-accessories-rider\/pomme-belt-carla\/\",\"url\":\"https:\/\/equidash.eu\/shop\/rider\/accessories-rider\/belts-accessories-rider\/pomme-belt-carla\/\",\"name\":\"Pomme Belt Carla | Parima hinnaga ratsavarustuse e-pood\",\"isPartOf\":{\"@id\":\"https:\/\/equidash.eu\/#website\"},\"primaryImageOfPage\":{\"@id\":\"https:\/\/equidash.eu\/shop\/rider\/accessories-rider\/belts-accessories-rider\/pomme-belt-carla\/#primaryimage\"},\"image\":{\"@id\":\"https:\/\/equidash.eu\/shop\/rider\/accessories-rider\/belts-accessories-rider\/pomme-belt-carla\/#primaryimage\"},\"thumbnailUrl\":\"https:\/\/equidash.eu\/wp-content\/uploads\/2024\/11\/P_Belt_Carla_Black_1-1-1.png\",\"datePublished\":\"2024-11-22T20:33:01+00:00\",\"dateModified\":\"2025-06-08T14:28:29+00:00\",\"description\":\"Equdiash - ratsavarustuse veebipood. Pomme ratsariided. Pomme Belt Carla\",\"breadcrumb\":{\"@id\":\"https:\/\/equidash.eu\/shop\/rider\/accessories-rider\/belts-accessories-rider\/pomme-belt-carla\/#breadcrumb\"},\"inLanguage\":\"et\",\"potentialAction\":[{\"@type\":\"ReadAction\",\"target\":[\"https:\/\/equidash.eu\/shop\/rider\/accessories-rider\/belts-accessories-rider\/pomme-belt-carla\/\"]}]},{\"@type\":\"ImageObject\",\"inLanguage\":\"et\",\"@id\":\"https:\/\/equidash.eu\/shop\/rider\/accessories-rider\/belts-accessories-rider\/pomme-belt-carla\/#primaryimage\",\"url\":\"https:\/\/equidash.eu\/wp-content\/uploads\/2024\/11\/P_Belt_Carla_Black_1-1-1.png\",\"contentUrl\":\"https:\/\/equidash.eu\/wp-content\/uploads\/2024\/11\/P_Belt_Carla_Black_1-1-1.png\",\"width\":2048,\"height\":2048},{\"@type\":\"BreadcrumbList\",\"@id\":\"https:\/\/equidash.eu\/shop\/rider\/accessories-rider\/belts-accessories-rider\/pomme-belt-carla\/#breadcrumb\",\"itemListElement\":[{\"@type\":\"ListItem\",\"position\":1,\"name\":\"Home\",\"item\":\"https:\/\/equidash.eu\/\"},{\"@type\":\"ListItem\",\"position\":2,\"name\":\"Shop\",\"item\":\"https:\/\/equidash.eu\/shop\/\"},{\"@type\":\"ListItem\",\"position\":3,\"name\":\"Pomme Belt Carla\"}]},{\"@type\":\"WebSite\",\"@id\":\"https:\/\/equidash.eu\/#website\",\"url\":\"https:\/\/equidash.eu\/\",\"name\":\"EquiDash\",\"description\":\"Horse Riding Equipment and Accessories\",\"publisher\":{\"@id\":\"https:\/\/equidash.eu\/#organization\"},\"alternateName\":\"EquiDash\",\"potentialAction\":[{\"@type\":\"SearchAction\",\"target\":{\"@type\":\"EntryPoint\",\"urlTemplate\":\"https:\/\/equidash.eu\/?s={search_term_string}\"},\"query-input\":{\"@type\":\"PropertyValueSpecification\",\"valueRequired\":true,\"valueName\":\"search_term_string\"}}],\"inLanguage\":\"et\"},{\"@type\":\"Organization\",\"@id\":\"https:\/\/equidash.eu\/#organization\",\"name\":\"EquiDash\",\"alternateName\":\"EquiDash\",\"url\":\"https:\/\/equidash.eu\/\",\"logo\":{\"@type\":\"ImageObject\",\"inLanguage\":\"et\",\"@id\":\"https:\/\/equidash.eu\/#\/schema\/logo\/image\/\",\"url\":\"https:\/\/equidash.eu\/wp-content\/uploads\/2024\/09\/EQUIDASH_Logo_Raud-1.png\",\"contentUrl\":\"https:\/\/equidash.eu\/wp-content\/uploads\/2024\/09\/EQUIDASH_Logo_Raud-1.png\",\"width\":393,\"height\":422,\"caption\":\"EquiDash\"},\"image\":{\"@id\":\"https:\/\/equidash.eu\/#\/schema\/logo\/image\/\"},\"sameAs\":[\"https:\/\/www.facebook.com\/people\/EquiDash\/61560864479586\/\",\"https:\/\/www.instagram.com\/equidash.eshop\/\"],\"email\":\"info@equidash.eu\",\"telephone\":\"+372 59007334\",\"legalName\":\"Takian Corporation O\u00dc\",\"foundingDate\":\"2020-10-21\",\"vatID\":\"EE102301283\",\"numberOfEmployees\":{\"@type\":\"QuantitativeValue\",\"minValue\":\"1\",\"maxValue\":\"10\"},\"hasMerchantReturnPolicy\":{\"@type\":\"MerchantReturnPolicy\",\"merchantReturnLink\":\"https:\/\/equidash.eu\/et\/return-privacy\/\"}}]}<\/script>\n<meta property=\"product:brand\" content=\"Pomme\" \/>\n<meta property=\"og:availability\" content=\"instock\" \/>\n<meta property=\"product:availability\" content=\"instock\" \/>\n<meta property=\"product:condition\" content=\"new\" \/>\n<!-- \/ Yoast SEO Premium plugin. -->","yoast_head_json":{"title":"Pomme Belt Carla | Parima hinnaga ratsavarustuse e-pood","description":"Equdiash - ratsavarustuse veebipood. Pomme ratsariided. Pomme Belt Carla","robots":{"index":"index","follow":"follow","max-snippet":"max-snippet:-1","max-image-preview":"max-image-preview:large","max-video-preview":"max-video-preview:-1"},"canonical":"https:\/\/equidash.eu\/et\/shop\/ratsanik\/aksessuaarid-ratsanik\/puksivood-aksessuaarid-ratsanik\/pomme-belt-carla\/","og_locale":"et_EE","og_type":"article","og_title":"Pomme Belt Carla","og_description":"Equdiash - ratsavarustuse veebipood. Pomme ratsariided. Pomme Belt Carla","og_url":"https:\/\/equidash.eu\/et\/shop\/ratsanik\/aksessuaarid-ratsanik\/puksivood-aksessuaarid-ratsanik\/pomme-belt-carla\/","og_site_name":"Parima hinnaga ratsavarustuse e-pood","article_publisher":"https:\/\/www.facebook.com\/people\/EquiDash\/61560864479586\/","article_modified_time":"2025-06-08T14:28:29+00:00","og_image":[{"width":1024,"height":1024,"url":"https:\/\/equidash.eu\/wp-content\/uploads\/2024\/11\/P_Belt_Carla_Black_1-1-1-1024x1024.png","type":"image\/png"}],"twitter_card":"summary_large_image","twitter_misc":{"Availability":"In stock"},"schema":{"@context":"https:\/\/schema.org","@graph":[{"@type":"WebPage","@id":"https:\/\/equidash.eu\/shop\/rider\/accessories-rider\/belts-accessories-rider\/pomme-belt-carla\/","url":"https:\/\/equidash.eu\/shop\/rider\/accessories-rider\/belts-accessories-rider\/pomme-belt-carla\/","name":"Pomme Belt Carla | Parima hinnaga ratsavarustuse e-pood","isPartOf":{"@id":"https:\/\/equidash.eu\/#website"},"primaryImageOfPage":{"@id":"https:\/\/equidash.eu\/shop\/rider\/accessories-rider\/belts-accessories-rider\/pomme-belt-carla\/#primaryimage"},"image":{"@id":"https:\/\/equidash.eu\/shop\/rider\/accessories-rider\/belts-accessories-rider\/pomme-belt-carla\/#primaryimage"},"thumbnailUrl":"https:\/\/equidash.eu\/wp-content\/uploads\/2024\/11\/P_Belt_Carla_Black_1-1-1.png","datePublished":"2024-11-22T20:33:01+00:00","dateModified":"2025-06-08T14:28:29+00:00","description":"Equdiash - ratsavarustuse veebipood. Pomme ratsariided. Pomme Belt Carla","breadcrumb":{"@id":"https:\/\/equidash.eu\/shop\/rider\/accessories-rider\/belts-accessories-rider\/pomme-belt-carla\/#breadcrumb"},"inLanguage":"et","potentialAction":[{"@type":"ReadAction","target":["https:\/\/equidash.eu\/shop\/rider\/accessories-rider\/belts-accessories-rider\/pomme-belt-carla\/"]}]},{"@type":"ImageObject","inLanguage":"et","@id":"https:\/\/equidash.eu\/shop\/rider\/accessories-rider\/belts-accessories-rider\/pomme-belt-carla\/#primaryimage","url":"https:\/\/equidash.eu\/wp-content\/uploads\/2024\/11\/P_Belt_Carla_Black_1-1-1.png","contentUrl":"https:\/\/equidash.eu\/wp-content\/uploads\/2024\/11\/P_Belt_Carla_Black_1-1-1.png","width":2048,"height":2048},{"@type":"BreadcrumbList","@id":"https:\/\/equidash.eu\/shop\/rider\/accessories-rider\/belts-accessories-rider\/pomme-belt-carla\/#breadcrumb","itemListElement":[{"@type":"ListItem","position":1,"name":"Home","item":"https:\/\/equidash.eu\/"},{"@type":"ListItem","position":2,"name":"Shop","item":"https:\/\/equidash.eu\/shop\/"},{"@type":"ListItem","position":3,"name":"Pomme Belt Carla"}]},{"@type":"WebSite","@id":"https:\/\/equidash.eu\/#website","url":"https:\/\/equidash.eu\/","name":"EquiDash","description":"Horse Riding Equipment and Accessories","publisher":{"@id":"https:\/\/equidash.eu\/#organization"},"alternateName":"EquiDash","potentialAction":[{"@type":"SearchAction","target":{"@type":"EntryPoint","urlTemplate":"https:\/\/equidash.eu\/?s={search_term_string}"},"query-input":{"@type":"PropertyValueSpecification","valueRequired":true,"valueName":"search_term_string"}}],"inLanguage":"et"},{"@type":"Organization","@id":"https:\/\/equidash.eu\/#organization","name":"EquiDash","alternateName":"EquiDash","url":"https:\/\/equidash.eu\/","logo":{"@type":"ImageObject","inLanguage":"et","@id":"https:\/\/equidash.eu\/#\/schema\/logo\/image\/","url":"https:\/\/equidash.eu\/wp-content\/uploads\/2024\/09\/EQUIDASH_Logo_Raud-1.png","contentUrl":"https:\/\/equidash.eu\/wp-content\/uploads\/2024\/09\/EQUIDASH_Logo_Raud-1.png","width":393,"height":422,"caption":"EquiDash"},"image":{"@id":"https:\/\/equidash.eu\/#\/schema\/logo\/image\/"},"sameAs":["https:\/\/www.facebook.com\/people\/EquiDash\/61560864479586\/","https:\/\/www.instagram.com\/equidash.eshop\/"],"email":"info@equidash.eu","telephone":"+372 59007334","legalName":"Takian Corporation O\u00dc","foundingDate":"2020-10-21","vatID":"EE102301283","numberOfEmployees":{"@type":"QuantitativeValue","minValue":"1","maxValue":"10"},"hasMerchantReturnPolicy":{"@type":"MerchantReturnPolicy","merchantReturnLink":"https:\/\/equidash.eu\/et\/return-privacy\/"}}]},"product_brand":"Pomme","og_availability":"instock","product_availability":"instock","product_condition":"new"},"_links":{"self":[{"href":"https:\/\/equidash.eu\/et\/wp-json\/wp\/v2\/product\/643","targetHints":{"allow":["GET"]}}],"collection":[{"href":"https:\/\/equidash.eu\/et\/wp-json\/wp\/v2\/product"}],"about":[{"href":"https:\/\/equidash.eu\/et\/wp-json\/wp\/v2\/types\/product"}],"wp:featuredmedia":[{"embeddable":true,"href":"https:\/\/equidash.eu\/et\/wp-json\/wp\/v2\/media\/998"}],"wp:attachment":[{"href":"https:\/\/equidash.eu\/et\/wp-json\/wp\/v2\/media?parent=643"}],"wp:term":[{"taxonomy":"product_brand","embeddable":true,"href":"https:\/\/equidash.eu\/et\/wp-json\/wp\/v2\/product_brand?post=643"},{"taxonomy":"product_cat","embeddable":true,"href":"https:\/\/equidash.eu\/et\/wp-json\/wp\/v2\/product_cat?post=643"},{"taxonomy":"product_tag","embeddable":true,"href":"https:\/\/equidash.eu\/et\/wp-json\/wp\/v2\/product_tag?post=643"}],"curies":[{"name":"wp","href":"https:\/\/api.w.org\/{rel}","templated":true}]}}