{"id":661,"date":"2024-11-22T23:12:15","date_gmt":"2024-11-22T21:12:15","guid":{"rendered":"https:\/\/equidash.eu\/?post_type=product&#038;p=661"},"modified":"2025-06-08T13:19:00","modified_gmt":"2025-06-08T11:19:00","slug":"pomme-riding-socks","status":"publish","type":"product","link":"https:\/\/equidash.eu\/et\/shop\/rider\/riding-socks-rider\/pomme-riding-socks\/","title":{"rendered":"Pomme suvised p\u00f5lvikud"},"content":{"rendered":"<p><span style=\"color: #333333;\">Pomme ratsasokid on v\u00e4ga kerged ja suvised p\u00f5lvikud. Tikitud Pomme logo p\u00f5lvikute \u00fclemisel \u00e4\u00e4rel.<\/span><\/p>","protected":false},"excerpt":{"rendered":"<p><a href=\"https:\/\/equidash.eu\/et\/tootesilt\/pomme\/\"><img decoding=\"async\" style=\"height: 20px; margin-top: 20px;\" src=\"https:\/\/equidash.eu\/wp-content\/uploads\/2024\/05\/pomme-logo.png\" alt=\"\" \/><\/a><\/p>","protected":false},"featured_media":1006,"template":"","meta":{"_acf_changed":false,"_joinchat":[]},"product_brand":[668],"product_cat":[22,195],"product_tag":[96,51],"class_list":{"0":"post-661","1":"product","2":"type-product","3":"status-publish","4":"has-post-thumbnail","6":"product_brand-pomme","7":"product_cat-rider","8":"product_cat-riding-socks-rider","9":"product_tag-pomme","10":"product_tag-socks","11":"pa_colors-black","12":"pa_size-36-38","13":"pa_size-38-40","15":"first","16":"instock","17":"taxable","18":"shipping-taxable","19":"purchasable","20":"product-type-variable"},"acf":[],"yoast_head":"<!-- This site is optimized with the Yoast SEO Premium plugin v26.2 (Yoast SEO v27.3) - https:\/\/yoast.com\/product\/yoast-seo-premium-wordpress\/ -->\n<title>Pomme Riding Socks | Parima hinnaga ratsavarustuse e-pood<\/title>\n<meta name=\"description\" content=\"Equidash - Ratsavarustuse veebipood. Pomme ratsariided ja aksessuaarid. Pomme Riding Socks\" \/>\n<meta name=\"robots\" content=\"index, follow, max-snippet:-1, max-image-preview:large, max-video-preview:-1\" \/>\n<link rel=\"canonical\" href=\"https:\/\/equidash.eu\/et\/shop\/ratsanik\/riding-socks-rider\/pomme-riding-socks\/\" \/>\n<meta property=\"og:locale\" content=\"et_EE\" \/>\n<meta property=\"og:type\" content=\"article\" \/>\n<meta property=\"og:title\" content=\"Pomme Riding Socks\" \/>\n<meta property=\"og:description\" content=\"Equidash - Ratsavarustuse veebipood. Pomme ratsariided ja aksessuaarid. Pomme Riding Socks\" \/>\n<meta property=\"og:url\" content=\"https:\/\/equidash.eu\/et\/shop\/ratsanik\/riding-socks-rider\/pomme-riding-socks\/\" \/>\n<meta property=\"og:site_name\" content=\"Parima hinnaga ratsavarustuse e-pood\" \/>\n<meta property=\"article:publisher\" content=\"https:\/\/www.facebook.com\/people\/EquiDash\/61560864479586\/\" \/>\n<meta property=\"article:modified_time\" content=\"2025-06-08T11:19:00+00:00\" \/>\n<meta property=\"og:image\" content=\"https:\/\/equidash.eu\/wp-content\/uploads\/2024\/11\/P_Riding_Socks_1-1-1.png\" \/>\n\t<meta property=\"og:image:width\" content=\"2048\" \/>\n\t<meta property=\"og:image:height\" content=\"2048\" \/>\n\t<meta property=\"og:image:type\" content=\"image\/png\" \/>\n<meta name=\"twitter:card\" content=\"summary_large_image\" \/>\n<meta name=\"twitter:label1\" content=\"Availability\" \/>\n\t<meta name=\"twitter:data1\" content=\"In stock\" \/>\n<script type=\"application\/ld+json\" class=\"yoast-schema-graph\">{\"@context\":\"https:\\\/\\\/schema.org\",\"@graph\":[{\"@type\":\"WebPage\",\"@id\":\"https:\\\/\\\/equidash.eu\\\/shop\\\/rider\\\/riding-socks-rider\\\/pomme-riding-socks\\\/\",\"url\":\"https:\\\/\\\/equidash.eu\\\/shop\\\/rider\\\/riding-socks-rider\\\/pomme-riding-socks\\\/\",\"name\":\"Pomme Riding Socks | Parima hinnaga ratsavarustuse e-pood\",\"isPartOf\":{\"@id\":\"https:\\\/\\\/equidash.eu\\\/#website\"},\"primaryImageOfPage\":{\"@id\":\"https:\\\/\\\/equidash.eu\\\/shop\\\/rider\\\/riding-socks-rider\\\/pomme-riding-socks\\\/#primaryimage\"},\"image\":{\"@id\":\"https:\\\/\\\/equidash.eu\\\/shop\\\/rider\\\/riding-socks-rider\\\/pomme-riding-socks\\\/#primaryimage\"},\"thumbnailUrl\":\"https:\\\/\\\/equidash.eu\\\/wp-content\\\/uploads\\\/2024\\\/11\\\/P_Riding_Socks_1-1-1.png\",\"datePublished\":\"2024-11-22T21:12:15+00:00\",\"dateModified\":\"2025-06-08T11:19:00+00:00\",\"description\":\"Equidash - Ratsavarustuse veebipood. Pomme ratsariided ja aksessuaarid. Pomme Riding Socks\",\"breadcrumb\":{\"@id\":\"https:\\\/\\\/equidash.eu\\\/shop\\\/rider\\\/riding-socks-rider\\\/pomme-riding-socks\\\/#breadcrumb\"},\"inLanguage\":\"et\",\"potentialAction\":[{\"@type\":\"ReadAction\",\"target\":[\"https:\\\/\\\/equidash.eu\\\/shop\\\/rider\\\/riding-socks-rider\\\/pomme-riding-socks\\\/\"]}]},{\"@type\":\"ImageObject\",\"inLanguage\":\"et\",\"@id\":\"https:\\\/\\\/equidash.eu\\\/shop\\\/rider\\\/riding-socks-rider\\\/pomme-riding-socks\\\/#primaryimage\",\"url\":\"https:\\\/\\\/equidash.eu\\\/wp-content\\\/uploads\\\/2024\\\/11\\\/P_Riding_Socks_1-1-1.png\",\"contentUrl\":\"https:\\\/\\\/equidash.eu\\\/wp-content\\\/uploads\\\/2024\\\/11\\\/P_Riding_Socks_1-1-1.png\",\"width\":2048,\"height\":2048},{\"@type\":\"BreadcrumbList\",\"@id\":\"https:\\\/\\\/equidash.eu\\\/shop\\\/rider\\\/riding-socks-rider\\\/pomme-riding-socks\\\/#breadcrumb\",\"itemListElement\":[{\"@type\":\"ListItem\",\"position\":1,\"name\":\"Home\",\"item\":\"https:\\\/\\\/equidash.eu\\\/\"},{\"@type\":\"ListItem\",\"position\":2,\"name\":\"Shop\",\"item\":\"https:\\\/\\\/equidash.eu\\\/shop\\\/\"},{\"@type\":\"ListItem\",\"position\":3,\"name\":\"Pomme Riding Socks\"}]},{\"@type\":\"WebSite\",\"@id\":\"https:\\\/\\\/equidash.eu\\\/#website\",\"url\":\"https:\\\/\\\/equidash.eu\\\/\",\"name\":\"EquiDash\",\"description\":\"Horse Riding Equipment and Accessories\",\"publisher\":{\"@id\":\"https:\\\/\\\/equidash.eu\\\/#organization\"},\"alternateName\":\"EquiDash\",\"potentialAction\":[{\"@type\":\"SearchAction\",\"target\":{\"@type\":\"EntryPoint\",\"urlTemplate\":\"https:\\\/\\\/equidash.eu\\\/?s={search_term_string}\"},\"query-input\":{\"@type\":\"PropertyValueSpecification\",\"valueRequired\":true,\"valueName\":\"search_term_string\"}}],\"inLanguage\":\"et\"},{\"@type\":\"Organization\",\"@id\":\"https:\\\/\\\/equidash.eu\\\/#organization\",\"name\":\"EquiDash\",\"alternateName\":\"EquiDash\",\"url\":\"https:\\\/\\\/equidash.eu\\\/\",\"logo\":{\"@type\":\"ImageObject\",\"inLanguage\":\"et\",\"@id\":\"https:\\\/\\\/equidash.eu\\\/#\\\/schema\\\/logo\\\/image\\\/\",\"url\":\"https:\\\/\\\/equidash.eu\\\/wp-content\\\/uploads\\\/2024\\\/09\\\/EQUIDASH_Logo_Raud-1.png\",\"contentUrl\":\"https:\\\/\\\/equidash.eu\\\/wp-content\\\/uploads\\\/2024\\\/09\\\/EQUIDASH_Logo_Raud-1.png\",\"width\":393,\"height\":422,\"caption\":\"EquiDash\"},\"image\":{\"@id\":\"https:\\\/\\\/equidash.eu\\\/#\\\/schema\\\/logo\\\/image\\\/\"},\"sameAs\":[\"https:\\\/\\\/www.facebook.com\\\/people\\\/EquiDash\\\/61560864479586\\\/\",\"https:\\\/\\\/www.instagram.com\\\/equidash.eshop\\\/\"],\"email\":\"info@equidash.eu\",\"telephone\":\"+372 59007334\",\"legalName\":\"Takian Corporation O\u00dc\",\"foundingDate\":\"2020-10-21\",\"vatID\":\"EE102301283\",\"numberOfEmployees\":{\"@type\":\"QuantitativeValue\",\"minValue\":\"1\",\"maxValue\":\"10\"},\"hasMerchantReturnPolicy\":{\"@type\":\"MerchantReturnPolicy\",\"merchantReturnLink\":\"https:\\\/\\\/equidash.eu\\\/et\\\/return-privacy\\\/\"}}]}<\/script>\n<meta property=\"product:brand\" content=\"Pomme\" \/>\n<meta property=\"og:availability\" content=\"instock\" \/>\n<meta property=\"product:availability\" content=\"instock\" \/>\n<meta property=\"product:condition\" content=\"new\" \/>\n<!-- \/ Yoast SEO Premium plugin. -->","yoast_head_json":{"title":"Pomme Riding Socks | Parima hinnaga ratsavarustuse e-pood","description":"Equidash - Ratsavarustuse veebipood. Pomme ratsariided ja aksessuaarid. Pomme Riding Socks","robots":{"index":"index","follow":"follow","max-snippet":"max-snippet:-1","max-image-preview":"max-image-preview:large","max-video-preview":"max-video-preview:-1"},"canonical":"https:\/\/equidash.eu\/et\/shop\/ratsanik\/riding-socks-rider\/pomme-riding-socks\/","og_locale":"et_EE","og_type":"article","og_title":"Pomme Riding Socks","og_description":"Equidash - Ratsavarustuse veebipood. Pomme ratsariided ja aksessuaarid. Pomme Riding Socks","og_url":"https:\/\/equidash.eu\/et\/shop\/ratsanik\/riding-socks-rider\/pomme-riding-socks\/","og_site_name":"Parima hinnaga ratsavarustuse e-pood","article_publisher":"https:\/\/www.facebook.com\/people\/EquiDash\/61560864479586\/","article_modified_time":"2025-06-08T11:19:00+00:00","og_image":[{"width":2048,"height":2048,"url":"https:\/\/equidash.eu\/wp-content\/uploads\/2024\/11\/P_Riding_Socks_1-1-1.png","type":"image\/png"}],"twitter_card":"summary_large_image","twitter_misc":{"Availability":"In stock"},"schema":{"@context":"https:\/\/schema.org","@graph":[{"@type":"WebPage","@id":"https:\/\/equidash.eu\/shop\/rider\/riding-socks-rider\/pomme-riding-socks\/","url":"https:\/\/equidash.eu\/shop\/rider\/riding-socks-rider\/pomme-riding-socks\/","name":"Pomme Riding Socks | Parima hinnaga ratsavarustuse e-pood","isPartOf":{"@id":"https:\/\/equidash.eu\/#website"},"primaryImageOfPage":{"@id":"https:\/\/equidash.eu\/shop\/rider\/riding-socks-rider\/pomme-riding-socks\/#primaryimage"},"image":{"@id":"https:\/\/equidash.eu\/shop\/rider\/riding-socks-rider\/pomme-riding-socks\/#primaryimage"},"thumbnailUrl":"https:\/\/equidash.eu\/wp-content\/uploads\/2024\/11\/P_Riding_Socks_1-1-1.png","datePublished":"2024-11-22T21:12:15+00:00","dateModified":"2025-06-08T11:19:00+00:00","description":"Equidash - Ratsavarustuse veebipood. Pomme ratsariided ja aksessuaarid. Pomme Riding Socks","breadcrumb":{"@id":"https:\/\/equidash.eu\/shop\/rider\/riding-socks-rider\/pomme-riding-socks\/#breadcrumb"},"inLanguage":"et","potentialAction":[{"@type":"ReadAction","target":["https:\/\/equidash.eu\/shop\/rider\/riding-socks-rider\/pomme-riding-socks\/"]}]},{"@type":"ImageObject","inLanguage":"et","@id":"https:\/\/equidash.eu\/shop\/rider\/riding-socks-rider\/pomme-riding-socks\/#primaryimage","url":"https:\/\/equidash.eu\/wp-content\/uploads\/2024\/11\/P_Riding_Socks_1-1-1.png","contentUrl":"https:\/\/equidash.eu\/wp-content\/uploads\/2024\/11\/P_Riding_Socks_1-1-1.png","width":2048,"height":2048},{"@type":"BreadcrumbList","@id":"https:\/\/equidash.eu\/shop\/rider\/riding-socks-rider\/pomme-riding-socks\/#breadcrumb","itemListElement":[{"@type":"ListItem","position":1,"name":"Home","item":"https:\/\/equidash.eu\/"},{"@type":"ListItem","position":2,"name":"Shop","item":"https:\/\/equidash.eu\/shop\/"},{"@type":"ListItem","position":3,"name":"Pomme Riding Socks"}]},{"@type":"WebSite","@id":"https:\/\/equidash.eu\/#website","url":"https:\/\/equidash.eu\/","name":"EquiDash","description":"Horse Riding Equipment and Accessories","publisher":{"@id":"https:\/\/equidash.eu\/#organization"},"alternateName":"EquiDash","potentialAction":[{"@type":"SearchAction","target":{"@type":"EntryPoint","urlTemplate":"https:\/\/equidash.eu\/?s={search_term_string}"},"query-input":{"@type":"PropertyValueSpecification","valueRequired":true,"valueName":"search_term_string"}}],"inLanguage":"et"},{"@type":"Organization","@id":"https:\/\/equidash.eu\/#organization","name":"EquiDash","alternateName":"EquiDash","url":"https:\/\/equidash.eu\/","logo":{"@type":"ImageObject","inLanguage":"et","@id":"https:\/\/equidash.eu\/#\/schema\/logo\/image\/","url":"https:\/\/equidash.eu\/wp-content\/uploads\/2024\/09\/EQUIDASH_Logo_Raud-1.png","contentUrl":"https:\/\/equidash.eu\/wp-content\/uploads\/2024\/09\/EQUIDASH_Logo_Raud-1.png","width":393,"height":422,"caption":"EquiDash"},"image":{"@id":"https:\/\/equidash.eu\/#\/schema\/logo\/image\/"},"sameAs":["https:\/\/www.facebook.com\/people\/EquiDash\/61560864479586\/","https:\/\/www.instagram.com\/equidash.eshop\/"],"email":"info@equidash.eu","telephone":"+372 59007334","legalName":"Takian Corporation O\u00dc","foundingDate":"2020-10-21","vatID":"EE102301283","numberOfEmployees":{"@type":"QuantitativeValue","minValue":"1","maxValue":"10"},"hasMerchantReturnPolicy":{"@type":"MerchantReturnPolicy","merchantReturnLink":"https:\/\/equidash.eu\/et\/return-privacy\/"}}]},"product_brand":"Pomme","og_availability":"instock","product_availability":"instock","product_condition":"new"},"_links":{"self":[{"href":"https:\/\/equidash.eu\/et\/wp-json\/wp\/v2\/product\/661","targetHints":{"allow":["GET"]}}],"collection":[{"href":"https:\/\/equidash.eu\/et\/wp-json\/wp\/v2\/product"}],"about":[{"href":"https:\/\/equidash.eu\/et\/wp-json\/wp\/v2\/types\/product"}],"wp:featuredmedia":[{"embeddable":true,"href":"https:\/\/equidash.eu\/et\/wp-json\/wp\/v2\/media\/1006"}],"wp:attachment":[{"href":"https:\/\/equidash.eu\/et\/wp-json\/wp\/v2\/media?parent=661"}],"wp:term":[{"taxonomy":"product_brand","embeddable":true,"href":"https:\/\/equidash.eu\/et\/wp-json\/wp\/v2\/product_brand?post=661"},{"taxonomy":"product_cat","embeddable":true,"href":"https:\/\/equidash.eu\/et\/wp-json\/wp\/v2\/product_cat?post=661"},{"taxonomy":"product_tag","embeddable":true,"href":"https:\/\/equidash.eu\/et\/wp-json\/wp\/v2\/product_tag?post=661"}],"curies":[{"name":"wp","href":"https:\/\/api.w.org\/{rel}","templated":true}]}}